{"id":654,"date":"2022-01-25T20:35:32","date_gmt":"2022-01-25T20:35:32","guid":{"rendered":"https:\/\/colleendwyermeloche.com\/product\/dinner-plate-2\/"},"modified":"2022-04-14T20:33:56","modified_gmt":"2022-04-14T20:33:56","slug":"dinner-plate-2","status":"publish","type":"product","link":"https:\/\/colleendwyermeloche.com\/fr\/produit\/dinner-plate-2\/","title":{"rendered":"Circle Assiette Repas"},"content":{"rendered":"<p>12&Prime; Assiette Repas<\/p>\n<p>Cette s\u00e9rie joue avec le th\u00e8me des cercles et une grande palette de couleurs. Des \u00e9l\u00e9ments ludiques sont incorpor\u00e9s dans la fonctionnalit\u00e9 de chaque pi\u00e8ce. Chaque pi\u00e8ce est d\u00e9cor\u00e9e de pochoirs et de sous-gla\u00e7ures color\u00e9es et puis cuite une deuxi\u00e8me fois avec une gla\u00e7ure transparente. Les pi\u00e8ces vont au micro-ondes et au lave-vaisselle, bien que pour la long\u00e9vit\u00e9 de la surface \u00e9maill\u00e9e, je recommande un lavage \u00e0 la main.<\/p>\n","protected":false},"excerpt":{"rendered":"<p>12&Prime; Assiette Repas Cette s\u00e9rie joue avec le th\u00e8me des cercles et une grande palette de couleurs. Des \u00e9l\u00e9ments ludiques sont incorpor\u00e9s dans la fonctionnalit\u00e9 de chaque pi\u00e8ce. Chaque pi\u00e8ce est d\u00e9cor\u00e9e de pochoirs et de sous-gla\u00e7ures color\u00e9es et puis cuite une deuxi\u00e8me fois avec une gla\u00e7ure transparente. Les pi\u00e8ces vont au micro-ondes et au [&hellip;]<\/p>\n","protected":false},"featured_media":485,"template":"","meta":{"_acf_changed":false},"product_brand":[],"product_cat":[40,41],"product_tag":[],"class_list":{"0":"post-654","1":"product","2":"type-product","3":"status-publish","4":"has-post-thumbnail","6":"product_cat-circle-series-fr","7":"product_cat-functional-works-fr","8":"product_shipping_class-ceramic-medium-shipping-ca-fr","10":"first","11":"instock","12":"purchasable","13":"product-type-simple"},"acf":[],"yoast_head":"<!-- This site is optimized with the Yoast SEO plugin v27.4 - https:\/\/yoast.com\/product\/yoast-seo-wordpress\/ -->\n<title>Circle Assiette Repas - Colleen Dwyer Meloche<\/title>\n<meta name=\"robots\" content=\"index, follow, max-snippet:-1, max-image-preview:large, max-video-preview:-1\" \/>\n<link rel=\"canonical\" href=\"https:\/\/colleendwyermeloche.com\/fr\/produit\/dinner-plate-2\/\" \/>\n<meta property=\"og:locale\" content=\"fr_FR\" \/>\n<meta property=\"og:type\" content=\"article\" \/>\n<meta property=\"og:title\" content=\"Circle Assiette Repas - Colleen Dwyer Meloche\" \/>\n<meta property=\"og:description\" content=\"12&Prime; Assiette Repas Cette s\u00e9rie joue avec le th\u00e8me des cercles et une grande palette de couleurs. Des \u00e9l\u00e9ments ludiques sont incorpor\u00e9s dans la fonctionnalit\u00e9 de chaque pi\u00e8ce. Chaque pi\u00e8ce est d\u00e9cor\u00e9e de pochoirs et de sous-gla\u00e7ures color\u00e9es et puis cuite une deuxi\u00e8me fois avec une gla\u00e7ure transparente. Les pi\u00e8ces vont au micro-ondes et au [&hellip;]\" \/>\n<meta property=\"og:url\" content=\"https:\/\/colleendwyermeloche.com\/fr\/produit\/dinner-plate-2\/\" \/>\n<meta property=\"og:site_name\" content=\"Colleen Dwyer Meloche\" \/>\n<meta property=\"article:modified_time\" content=\"2022-04-14T20:33:56+00:00\" \/>\n<meta property=\"og:image\" content=\"https:\/\/colleendwyermeloche.com\/wp-content\/uploads\/2022\/01\/jane-heller-7924-1024x682-1.jpg\" \/>\n\t<meta property=\"og:image:width\" content=\"1024\" \/>\n\t<meta property=\"og:image:height\" content=\"682\" \/>\n\t<meta property=\"og:image:type\" content=\"image\/jpeg\" \/>\n<meta name=\"twitter:card\" content=\"summary_large_image\" \/>\n<script type=\"application\/ld+json\" class=\"yoast-schema-graph\">{\"@context\":\"https:\\\/\\\/schema.org\",\"@graph\":[{\"@type\":\"WebPage\",\"@id\":\"https:\\\/\\\/colleendwyermeloche.com\\\/fr\\\/produit\\\/dinner-plate-2\\\/\",\"url\":\"https:\\\/\\\/colleendwyermeloche.com\\\/fr\\\/produit\\\/dinner-plate-2\\\/\",\"name\":\"Circle Assiette Repas - Colleen Dwyer Meloche\",\"isPartOf\":{\"@id\":\"https:\\\/\\\/colleendwyermeloche.com\\\/#website\"},\"primaryImageOfPage\":{\"@id\":\"https:\\\/\\\/colleendwyermeloche.com\\\/fr\\\/produit\\\/dinner-plate-2\\\/#primaryimage\"},\"image\":{\"@id\":\"https:\\\/\\\/colleendwyermeloche.com\\\/fr\\\/produit\\\/dinner-plate-2\\\/#primaryimage\"},\"thumbnailUrl\":\"https:\\\/\\\/colleendwyermeloche.com\\\/wp-content\\\/uploads\\\/2022\\\/01\\\/jane-heller-7924-1024x682-1.jpg\",\"datePublished\":\"2022-01-25T20:35:32+00:00\",\"dateModified\":\"2022-04-14T20:33:56+00:00\",\"breadcrumb\":{\"@id\":\"https:\\\/\\\/colleendwyermeloche.com\\\/fr\\\/produit\\\/dinner-plate-2\\\/#breadcrumb\"},\"inLanguage\":\"fr-FR\",\"potentialAction\":[{\"@type\":\"ReadAction\",\"target\":[\"https:\\\/\\\/colleendwyermeloche.com\\\/fr\\\/produit\\\/dinner-plate-2\\\/\"]}]},{\"@type\":\"ImageObject\",\"inLanguage\":\"fr-FR\",\"@id\":\"https:\\\/\\\/colleendwyermeloche.com\\\/fr\\\/produit\\\/dinner-plate-2\\\/#primaryimage\",\"url\":\"https:\\\/\\\/colleendwyermeloche.com\\\/wp-content\\\/uploads\\\/2022\\\/01\\\/jane-heller-7924-1024x682-1.jpg\",\"contentUrl\":\"https:\\\/\\\/colleendwyermeloche.com\\\/wp-content\\\/uploads\\\/2022\\\/01\\\/jane-heller-7924-1024x682-1.jpg\",\"width\":1024,\"height\":682},{\"@type\":\"BreadcrumbList\",\"@id\":\"https:\\\/\\\/colleendwyermeloche.com\\\/fr\\\/produit\\\/dinner-plate-2\\\/#breadcrumb\",\"itemListElement\":[{\"@type\":\"ListItem\",\"position\":1,\"name\":\"Home\",\"item\":\"https:\\\/\\\/colleendwyermeloche.com\\\/fr\\\/\"},{\"@type\":\"ListItem\",\"position\":2,\"name\":\"Oeuvres fonctionnelles\",\"item\":\"https:\\\/\\\/colleendwyermeloche.com\\\/fr\\\/oeuvres-functionelles\\\/\"},{\"@type\":\"ListItem\",\"position\":3,\"name\":\"Circle Assiette Repas\"}]},{\"@type\":\"WebSite\",\"@id\":\"https:\\\/\\\/colleendwyermeloche.com\\\/#website\",\"url\":\"https:\\\/\\\/colleendwyermeloche.com\\\/\",\"name\":\"Colleen Dwyer Meloche\",\"description\":\"Art Site\",\"potentialAction\":[{\"@type\":\"SearchAction\",\"target\":{\"@type\":\"EntryPoint\",\"urlTemplate\":\"https:\\\/\\\/colleendwyermeloche.com\\\/?s={search_term_string}\"},\"query-input\":{\"@type\":\"PropertyValueSpecification\",\"valueRequired\":true,\"valueName\":\"search_term_string\"}}],\"inLanguage\":\"fr-FR\"}]}<\/script>\n<!-- \/ Yoast SEO plugin. -->","yoast_head_json":{"title":"Circle Assiette Repas - Colleen Dwyer Meloche","robots":{"index":"index","follow":"follow","max-snippet":"max-snippet:-1","max-image-preview":"max-image-preview:large","max-video-preview":"max-video-preview:-1"},"canonical":"https:\/\/colleendwyermeloche.com\/fr\/produit\/dinner-plate-2\/","og_locale":"fr_FR","og_type":"article","og_title":"Circle Assiette Repas - Colleen Dwyer Meloche","og_description":"12&Prime; Assiette Repas Cette s\u00e9rie joue avec le th\u00e8me des cercles et une grande palette de couleurs. Des \u00e9l\u00e9ments ludiques sont incorpor\u00e9s dans la fonctionnalit\u00e9 de chaque pi\u00e8ce. Chaque pi\u00e8ce est d\u00e9cor\u00e9e de pochoirs et de sous-gla\u00e7ures color\u00e9es et puis cuite une deuxi\u00e8me fois avec une gla\u00e7ure transparente. Les pi\u00e8ces vont au micro-ondes et au [&hellip;]","og_url":"https:\/\/colleendwyermeloche.com\/fr\/produit\/dinner-plate-2\/","og_site_name":"Colleen Dwyer Meloche","article_modified_time":"2022-04-14T20:33:56+00:00","og_image":[{"width":1024,"height":682,"url":"https:\/\/colleendwyermeloche.com\/wp-content\/uploads\/2022\/01\/jane-heller-7924-1024x682-1.jpg","type":"image\/jpeg"}],"twitter_card":"summary_large_image","schema":{"@context":"https:\/\/schema.org","@graph":[{"@type":"WebPage","@id":"https:\/\/colleendwyermeloche.com\/fr\/produit\/dinner-plate-2\/","url":"https:\/\/colleendwyermeloche.com\/fr\/produit\/dinner-plate-2\/","name":"Circle Assiette Repas - Colleen Dwyer Meloche","isPartOf":{"@id":"https:\/\/colleendwyermeloche.com\/#website"},"primaryImageOfPage":{"@id":"https:\/\/colleendwyermeloche.com\/fr\/produit\/dinner-plate-2\/#primaryimage"},"image":{"@id":"https:\/\/colleendwyermeloche.com\/fr\/produit\/dinner-plate-2\/#primaryimage"},"thumbnailUrl":"https:\/\/colleendwyermeloche.com\/wp-content\/uploads\/2022\/01\/jane-heller-7924-1024x682-1.jpg","datePublished":"2022-01-25T20:35:32+00:00","dateModified":"2022-04-14T20:33:56+00:00","breadcrumb":{"@id":"https:\/\/colleendwyermeloche.com\/fr\/produit\/dinner-plate-2\/#breadcrumb"},"inLanguage":"fr-FR","potentialAction":[{"@type":"ReadAction","target":["https:\/\/colleendwyermeloche.com\/fr\/produit\/dinner-plate-2\/"]}]},{"@type":"ImageObject","inLanguage":"fr-FR","@id":"https:\/\/colleendwyermeloche.com\/fr\/produit\/dinner-plate-2\/#primaryimage","url":"https:\/\/colleendwyermeloche.com\/wp-content\/uploads\/2022\/01\/jane-heller-7924-1024x682-1.jpg","contentUrl":"https:\/\/colleendwyermeloche.com\/wp-content\/uploads\/2022\/01\/jane-heller-7924-1024x682-1.jpg","width":1024,"height":682},{"@type":"BreadcrumbList","@id":"https:\/\/colleendwyermeloche.com\/fr\/produit\/dinner-plate-2\/#breadcrumb","itemListElement":[{"@type":"ListItem","position":1,"name":"Home","item":"https:\/\/colleendwyermeloche.com\/fr\/"},{"@type":"ListItem","position":2,"name":"Oeuvres fonctionnelles","item":"https:\/\/colleendwyermeloche.com\/fr\/oeuvres-functionelles\/"},{"@type":"ListItem","position":3,"name":"Circle Assiette Repas"}]},{"@type":"WebSite","@id":"https:\/\/colleendwyermeloche.com\/#website","url":"https:\/\/colleendwyermeloche.com\/","name":"Colleen Dwyer Meloche","description":"Art Site","potentialAction":[{"@type":"SearchAction","target":{"@type":"EntryPoint","urlTemplate":"https:\/\/colleendwyermeloche.com\/?s={search_term_string}"},"query-input":{"@type":"PropertyValueSpecification","valueRequired":true,"valueName":"search_term_string"}}],"inLanguage":"fr-FR"}]}},"_links":{"self":[{"href":"https:\/\/colleendwyermeloche.com\/fr\/wp-json\/wp\/v2\/product\/654","targetHints":{"allow":["GET"]}}],"collection":[{"href":"https:\/\/colleendwyermeloche.com\/fr\/wp-json\/wp\/v2\/product"}],"about":[{"href":"https:\/\/colleendwyermeloche.com\/fr\/wp-json\/wp\/v2\/types\/product"}],"wp:featuredmedia":[{"embeddable":true,"href":"https:\/\/colleendwyermeloche.com\/fr\/wp-json\/wp\/v2\/media\/485"}],"wp:attachment":[{"href":"https:\/\/colleendwyermeloche.com\/fr\/wp-json\/wp\/v2\/media?parent=654"}],"wp:term":[{"taxonomy":"product_brand","embeddable":true,"href":"https:\/\/colleendwyermeloche.com\/fr\/wp-json\/wp\/v2\/product_brand?post=654"},{"taxonomy":"product_cat","embeddable":true,"href":"https:\/\/colleendwyermeloche.com\/fr\/wp-json\/wp\/v2\/product_cat?post=654"},{"taxonomy":"product_tag","embeddable":true,"href":"https:\/\/colleendwyermeloche.com\/fr\/wp-json\/wp\/v2\/product_tag?post=654"}],"curies":[{"name":"wp","href":"https:\/\/api.w.org\/{rel}","templated":true}]}}