{"id":652,"date":"2022-01-28T18:51:08","date_gmt":"2022-01-28T18:51:08","guid":{"rendered":"https:\/\/colleendwyermeloche.com\/product\/circles-serving-platter\/"},"modified":"2022-04-14T20:30:26","modified_gmt":"2022-04-14T20:30:26","slug":"circles-serving-platter","status":"publish","type":"product","link":"https:\/\/colleendwyermeloche.com\/fr\/produit\/circles-serving-platter\/","title":{"rendered":"Circle Plateau de Service"},"content":{"rendered":"<p>Grand plat de service rond<\/p>\n<p>Cette s\u00e9rie joue avec le th\u00e8me des cercles et une grande palette de couleurs. Des \u00e9l\u00e9ments ludiques sont incorpor\u00e9s dans la fonctionnalit\u00e9 de chaque pi\u00e8ce. Chaque pi\u00e8ce est d\u00e9cor\u00e9e individuellement avec des pochoirs et des sous-gla\u00e7ures color\u00e9es, et puis cuite avec une gla\u00e7ure transparente. Les pi\u00e8ces vont au micro-ondes et au lave-vaisselle, bien que pour la long\u00e9vit\u00e9 de la surface \u00e9maill\u00e9e, je recommande un lavage \u00e0 la main. Chaque plateau est con\u00e7u individuellement et \u00e0 sa propre conception de couleur.<\/p>\n<p>&nbsp;<\/p>\n","protected":false},"excerpt":{"rendered":"<p>Grand plat de service rond Cette s\u00e9rie joue avec le th\u00e8me des cercles et une grande palette de couleurs. Des \u00e9l\u00e9ments ludiques sont incorpor\u00e9s dans la fonctionnalit\u00e9 de chaque pi\u00e8ce. Chaque pi\u00e8ce est d\u00e9cor\u00e9e individuellement avec des pochoirs et des sous-gla\u00e7ures color\u00e9es, et puis cuite avec une gla\u00e7ure transparente. Les pi\u00e8ces vont au micro-ondes et [&hellip;]<\/p>\n","protected":false},"featured_media":556,"template":"","meta":{"_acf_changed":false},"product_brand":[],"product_cat":[40,41],"product_tag":[],"class_list":{"0":"post-652","1":"product","2":"type-product","3":"status-publish","4":"has-post-thumbnail","6":"product_cat-circle-series-fr","7":"product_cat-functional-works-fr","8":"product_shipping_class-ceramic-large-shipping-ca-fr","10":"first","11":"instock","12":"purchasable","13":"product-type-simple"},"acf":[],"yoast_head":"<!-- This site is optimized with the Yoast SEO plugin v27.4 - https:\/\/yoast.com\/product\/yoast-seo-wordpress\/ -->\n<title>Circle Plateau de Service - Colleen Dwyer Meloche<\/title>\n<meta name=\"robots\" content=\"index, follow, max-snippet:-1, max-image-preview:large, max-video-preview:-1\" \/>\n<link rel=\"canonical\" href=\"https:\/\/colleendwyermeloche.com\/fr\/produit\/circles-serving-platter\/\" \/>\n<meta property=\"og:locale\" content=\"fr_FR\" \/>\n<meta property=\"og:type\" content=\"article\" \/>\n<meta property=\"og:title\" content=\"Circle Plateau de Service - Colleen Dwyer Meloche\" \/>\n<meta property=\"og:description\" content=\"Grand plat de service rond Cette s\u00e9rie joue avec le th\u00e8me des cercles et une grande palette de couleurs. Des \u00e9l\u00e9ments ludiques sont incorpor\u00e9s dans la fonctionnalit\u00e9 de chaque pi\u00e8ce. Chaque pi\u00e8ce est d\u00e9cor\u00e9e individuellement avec des pochoirs et des sous-gla\u00e7ures color\u00e9es, et puis cuite avec une gla\u00e7ure transparente. Les pi\u00e8ces vont au micro-ondes et [&hellip;]\" \/>\n<meta property=\"og:url\" content=\"https:\/\/colleendwyermeloche.com\/fr\/produit\/circles-serving-platter\/\" \/>\n<meta property=\"og:site_name\" content=\"Colleen Dwyer Meloche\" \/>\n<meta property=\"article:modified_time\" content=\"2022-04-14T20:30:26+00:00\" \/>\n<meta property=\"og:image\" content=\"https:\/\/colleendwyermeloche.com\/wp-content\/uploads\/2022\/01\/101CEDE2-C5EF-4039-AFAE-FDE2F64C4695.jpeg\" \/>\n\t<meta property=\"og:image:width\" content=\"2400\" \/>\n\t<meta property=\"og:image:height\" content=\"1600\" \/>\n\t<meta property=\"og:image:type\" content=\"image\/jpeg\" \/>\n<meta name=\"twitter:card\" content=\"summary_large_image\" \/>\n<script type=\"application\/ld+json\" class=\"yoast-schema-graph\">{\"@context\":\"https:\\\/\\\/schema.org\",\"@graph\":[{\"@type\":\"WebPage\",\"@id\":\"https:\\\/\\\/colleendwyermeloche.com\\\/fr\\\/produit\\\/circles-serving-platter\\\/\",\"url\":\"https:\\\/\\\/colleendwyermeloche.com\\\/fr\\\/produit\\\/circles-serving-platter\\\/\",\"name\":\"Circle Plateau de Service - Colleen Dwyer Meloche\",\"isPartOf\":{\"@id\":\"https:\\\/\\\/colleendwyermeloche.com\\\/#website\"},\"primaryImageOfPage\":{\"@id\":\"https:\\\/\\\/colleendwyermeloche.com\\\/fr\\\/produit\\\/circles-serving-platter\\\/#primaryimage\"},\"image\":{\"@id\":\"https:\\\/\\\/colleendwyermeloche.com\\\/fr\\\/produit\\\/circles-serving-platter\\\/#primaryimage\"},\"thumbnailUrl\":\"https:\\\/\\\/colleendwyermeloche.com\\\/wp-content\\\/uploads\\\/2022\\\/01\\\/101CEDE2-C5EF-4039-AFAE-FDE2F64C4695.jpeg\",\"datePublished\":\"2022-01-28T18:51:08+00:00\",\"dateModified\":\"2022-04-14T20:30:26+00:00\",\"breadcrumb\":{\"@id\":\"https:\\\/\\\/colleendwyermeloche.com\\\/fr\\\/produit\\\/circles-serving-platter\\\/#breadcrumb\"},\"inLanguage\":\"fr-FR\",\"potentialAction\":[{\"@type\":\"ReadAction\",\"target\":[\"https:\\\/\\\/colleendwyermeloche.com\\\/fr\\\/produit\\\/circles-serving-platter\\\/\"]}]},{\"@type\":\"ImageObject\",\"inLanguage\":\"fr-FR\",\"@id\":\"https:\\\/\\\/colleendwyermeloche.com\\\/fr\\\/produit\\\/circles-serving-platter\\\/#primaryimage\",\"url\":\"https:\\\/\\\/colleendwyermeloche.com\\\/wp-content\\\/uploads\\\/2022\\\/01\\\/101CEDE2-C5EF-4039-AFAE-FDE2F64C4695.jpeg\",\"contentUrl\":\"https:\\\/\\\/colleendwyermeloche.com\\\/wp-content\\\/uploads\\\/2022\\\/01\\\/101CEDE2-C5EF-4039-AFAE-FDE2F64C4695.jpeg\",\"width\":2400,\"height\":1600},{\"@type\":\"BreadcrumbList\",\"@id\":\"https:\\\/\\\/colleendwyermeloche.com\\\/fr\\\/produit\\\/circles-serving-platter\\\/#breadcrumb\",\"itemListElement\":[{\"@type\":\"ListItem\",\"position\":1,\"name\":\"Home\",\"item\":\"https:\\\/\\\/colleendwyermeloche.com\\\/fr\\\/\"},{\"@type\":\"ListItem\",\"position\":2,\"name\":\"Oeuvres fonctionnelles\",\"item\":\"https:\\\/\\\/colleendwyermeloche.com\\\/fr\\\/oeuvres-functionelles\\\/\"},{\"@type\":\"ListItem\",\"position\":3,\"name\":\"Circle Plateau de Service\"}]},{\"@type\":\"WebSite\",\"@id\":\"https:\\\/\\\/colleendwyermeloche.com\\\/#website\",\"url\":\"https:\\\/\\\/colleendwyermeloche.com\\\/\",\"name\":\"Colleen Dwyer Meloche\",\"description\":\"Art Site\",\"potentialAction\":[{\"@type\":\"SearchAction\",\"target\":{\"@type\":\"EntryPoint\",\"urlTemplate\":\"https:\\\/\\\/colleendwyermeloche.com\\\/?s={search_term_string}\"},\"query-input\":{\"@type\":\"PropertyValueSpecification\",\"valueRequired\":true,\"valueName\":\"search_term_string\"}}],\"inLanguage\":\"fr-FR\"}]}<\/script>\n<!-- \/ Yoast SEO plugin. -->","yoast_head_json":{"title":"Circle Plateau de Service - Colleen Dwyer Meloche","robots":{"index":"index","follow":"follow","max-snippet":"max-snippet:-1","max-image-preview":"max-image-preview:large","max-video-preview":"max-video-preview:-1"},"canonical":"https:\/\/colleendwyermeloche.com\/fr\/produit\/circles-serving-platter\/","og_locale":"fr_FR","og_type":"article","og_title":"Circle Plateau de Service - Colleen Dwyer Meloche","og_description":"Grand plat de service rond Cette s\u00e9rie joue avec le th\u00e8me des cercles et une grande palette de couleurs. Des \u00e9l\u00e9ments ludiques sont incorpor\u00e9s dans la fonctionnalit\u00e9 de chaque pi\u00e8ce. Chaque pi\u00e8ce est d\u00e9cor\u00e9e individuellement avec des pochoirs et des sous-gla\u00e7ures color\u00e9es, et puis cuite avec une gla\u00e7ure transparente. Les pi\u00e8ces vont au micro-ondes et [&hellip;]","og_url":"https:\/\/colleendwyermeloche.com\/fr\/produit\/circles-serving-platter\/","og_site_name":"Colleen Dwyer Meloche","article_modified_time":"2022-04-14T20:30:26+00:00","og_image":[{"width":2400,"height":1600,"url":"https:\/\/colleendwyermeloche.com\/wp-content\/uploads\/2022\/01\/101CEDE2-C5EF-4039-AFAE-FDE2F64C4695.jpeg","type":"image\/jpeg"}],"twitter_card":"summary_large_image","schema":{"@context":"https:\/\/schema.org","@graph":[{"@type":"WebPage","@id":"https:\/\/colleendwyermeloche.com\/fr\/produit\/circles-serving-platter\/","url":"https:\/\/colleendwyermeloche.com\/fr\/produit\/circles-serving-platter\/","name":"Circle Plateau de Service - Colleen Dwyer Meloche","isPartOf":{"@id":"https:\/\/colleendwyermeloche.com\/#website"},"primaryImageOfPage":{"@id":"https:\/\/colleendwyermeloche.com\/fr\/produit\/circles-serving-platter\/#primaryimage"},"image":{"@id":"https:\/\/colleendwyermeloche.com\/fr\/produit\/circles-serving-platter\/#primaryimage"},"thumbnailUrl":"https:\/\/colleendwyermeloche.com\/wp-content\/uploads\/2022\/01\/101CEDE2-C5EF-4039-AFAE-FDE2F64C4695.jpeg","datePublished":"2022-01-28T18:51:08+00:00","dateModified":"2022-04-14T20:30:26+00:00","breadcrumb":{"@id":"https:\/\/colleendwyermeloche.com\/fr\/produit\/circles-serving-platter\/#breadcrumb"},"inLanguage":"fr-FR","potentialAction":[{"@type":"ReadAction","target":["https:\/\/colleendwyermeloche.com\/fr\/produit\/circles-serving-platter\/"]}]},{"@type":"ImageObject","inLanguage":"fr-FR","@id":"https:\/\/colleendwyermeloche.com\/fr\/produit\/circles-serving-platter\/#primaryimage","url":"https:\/\/colleendwyermeloche.com\/wp-content\/uploads\/2022\/01\/101CEDE2-C5EF-4039-AFAE-FDE2F64C4695.jpeg","contentUrl":"https:\/\/colleendwyermeloche.com\/wp-content\/uploads\/2022\/01\/101CEDE2-C5EF-4039-AFAE-FDE2F64C4695.jpeg","width":2400,"height":1600},{"@type":"BreadcrumbList","@id":"https:\/\/colleendwyermeloche.com\/fr\/produit\/circles-serving-platter\/#breadcrumb","itemListElement":[{"@type":"ListItem","position":1,"name":"Home","item":"https:\/\/colleendwyermeloche.com\/fr\/"},{"@type":"ListItem","position":2,"name":"Oeuvres fonctionnelles","item":"https:\/\/colleendwyermeloche.com\/fr\/oeuvres-functionelles\/"},{"@type":"ListItem","position":3,"name":"Circle Plateau de Service"}]},{"@type":"WebSite","@id":"https:\/\/colleendwyermeloche.com\/#website","url":"https:\/\/colleendwyermeloche.com\/","name":"Colleen Dwyer Meloche","description":"Art Site","potentialAction":[{"@type":"SearchAction","target":{"@type":"EntryPoint","urlTemplate":"https:\/\/colleendwyermeloche.com\/?s={search_term_string}"},"query-input":{"@type":"PropertyValueSpecification","valueRequired":true,"valueName":"search_term_string"}}],"inLanguage":"fr-FR"}]}},"_links":{"self":[{"href":"https:\/\/colleendwyermeloche.com\/fr\/wp-json\/wp\/v2\/product\/652","targetHints":{"allow":["GET"]}}],"collection":[{"href":"https:\/\/colleendwyermeloche.com\/fr\/wp-json\/wp\/v2\/product"}],"about":[{"href":"https:\/\/colleendwyermeloche.com\/fr\/wp-json\/wp\/v2\/types\/product"}],"wp:featuredmedia":[{"embeddable":true,"href":"https:\/\/colleendwyermeloche.com\/fr\/wp-json\/wp\/v2\/media\/556"}],"wp:attachment":[{"href":"https:\/\/colleendwyermeloche.com\/fr\/wp-json\/wp\/v2\/media?parent=652"}],"wp:term":[{"taxonomy":"product_brand","embeddable":true,"href":"https:\/\/colleendwyermeloche.com\/fr\/wp-json\/wp\/v2\/product_brand?post=652"},{"taxonomy":"product_cat","embeddable":true,"href":"https:\/\/colleendwyermeloche.com\/fr\/wp-json\/wp\/v2\/product_cat?post=652"},{"taxonomy":"product_tag","embeddable":true,"href":"https:\/\/colleendwyermeloche.com\/fr\/wp-json\/wp\/v2\/product_tag?post=652"}],"curies":[{"name":"wp","href":"https:\/\/api.w.org\/{rel}","templated":true}]}}