{"id":651,"date":"2022-01-28T19:39:46","date_gmt":"2022-01-28T19:39:46","guid":{"rendered":"https:\/\/colleendwyermeloche.com\/product\/circle-bowl-on-stilts\/"},"modified":"2022-05-02T19:36:59","modified_gmt":"2022-05-02T19:36:59","slug":"circle-bowl-on-stilts","status":"publish","type":"product","link":"https:\/\/colleendwyermeloche.com\/fr\/produit\/circle-bowl-on-stilts\/","title":{"rendered":"Circle Bol sur Tr\u00e9pied"},"content":{"rendered":"<p>Bol de la taille d&rsquo;une main perch\u00e9 sur trois pieds en forme de c\u00f4ne<\/p>\n<p>Cette s\u00e9rie joue avec le th\u00e8me des cercles et une grande palette de couleurs. Des \u00e9l\u00e9ments ludiques sont incorpor\u00e9s dans la fonctionnalit\u00e9 de chaque pi\u00e8ce. Chaque pi\u00e8ce est d\u00e9cor\u00e9e de pochoirs et de sous-gla\u00e7ures color\u00e9es et puis cuite une deuxi\u00e8me fois avec une gla\u00e7ure transparente. Chaque pi\u00e8ce varie l\u00e9g\u00e8rement en couleur et en design&#8230; il n&rsquo;y a pas deux pi\u00e8ces identiques. Les pi\u00e8ces vont au micro-ondes et au lave-vaisselle, par contre pour la long\u00e9vit\u00e9, je recommande le lavage \u00e0 la main.<\/p>\n","protected":false},"excerpt":{"rendered":"<p>Bol de la taille d&rsquo;une main perch\u00e9 sur trois pieds en forme de c\u00f4ne Cette s\u00e9rie joue avec le th\u00e8me des cercles et une grande palette de couleurs. Des \u00e9l\u00e9ments ludiques sont incorpor\u00e9s dans la fonctionnalit\u00e9 de chaque pi\u00e8ce. Chaque pi\u00e8ce est d\u00e9cor\u00e9e de pochoirs et de sous-gla\u00e7ures color\u00e9es et puis cuite une deuxi\u00e8me fois [&hellip;]<\/p>\n","protected":false},"featured_media":562,"template":"","meta":{"_acf_changed":false},"product_brand":[],"product_cat":[40,41],"product_tag":[],"class_list":{"0":"post-651","1":"product","2":"type-product","3":"status-publish","4":"has-post-thumbnail","6":"product_cat-circle-series-fr","7":"product_cat-functional-works-fr","8":"product_shipping_class-ceramic-small-shipping-ca-fr","10":"first","11":"instock","12":"purchasable","13":"product-type-simple"},"acf":[],"yoast_head":"<!-- This site is optimized with the Yoast SEO plugin v27.4 - https:\/\/yoast.com\/product\/yoast-seo-wordpress\/ -->\n<title>Circle Bol sur Tr\u00e9pied - Colleen Dwyer Meloche<\/title>\n<meta name=\"robots\" content=\"index, follow, max-snippet:-1, max-image-preview:large, max-video-preview:-1\" \/>\n<link rel=\"canonical\" href=\"https:\/\/colleendwyermeloche.com\/fr\/produit\/circle-bowl-on-stilts\/\" \/>\n<meta property=\"og:locale\" content=\"fr_FR\" \/>\n<meta property=\"og:type\" content=\"article\" \/>\n<meta property=\"og:title\" content=\"Circle Bol sur Tr\u00e9pied - Colleen Dwyer Meloche\" \/>\n<meta property=\"og:description\" content=\"Bol de la taille d&rsquo;une main perch\u00e9 sur trois pieds en forme de c\u00f4ne Cette s\u00e9rie joue avec le th\u00e8me des cercles et une grande palette de couleurs. Des \u00e9l\u00e9ments ludiques sont incorpor\u00e9s dans la fonctionnalit\u00e9 de chaque pi\u00e8ce. Chaque pi\u00e8ce est d\u00e9cor\u00e9e de pochoirs et de sous-gla\u00e7ures color\u00e9es et puis cuite une deuxi\u00e8me fois [&hellip;]\" \/>\n<meta property=\"og:url\" content=\"https:\/\/colleendwyermeloche.com\/fr\/produit\/circle-bowl-on-stilts\/\" \/>\n<meta property=\"og:site_name\" content=\"Colleen Dwyer Meloche\" \/>\n<meta property=\"article:modified_time\" content=\"2022-05-02T19:36:59+00:00\" \/>\n<meta property=\"og:image\" content=\"https:\/\/colleendwyermeloche.com\/wp-content\/uploads\/2022\/01\/40B994F0-437D-404A-8A5C-64DE8563F416.jpeg\" \/>\n\t<meta property=\"og:image:width\" content=\"1600\" \/>\n\t<meta property=\"og:image:height\" content=\"2400\" \/>\n\t<meta property=\"og:image:type\" content=\"image\/jpeg\" \/>\n<meta name=\"twitter:card\" content=\"summary_large_image\" \/>\n<meta name=\"twitter:label1\" content=\"Dur\u00e9e de lecture estim\u00e9e\" \/>\n\t<meta name=\"twitter:data1\" content=\"1 minute\" \/>\n<script type=\"application\/ld+json\" class=\"yoast-schema-graph\">{\"@context\":\"https:\\\/\\\/schema.org\",\"@graph\":[{\"@type\":\"WebPage\",\"@id\":\"https:\\\/\\\/colleendwyermeloche.com\\\/fr\\\/produit\\\/circle-bowl-on-stilts\\\/\",\"url\":\"https:\\\/\\\/colleendwyermeloche.com\\\/fr\\\/produit\\\/circle-bowl-on-stilts\\\/\",\"name\":\"Circle Bol sur Tr\u00e9pied - Colleen Dwyer Meloche\",\"isPartOf\":{\"@id\":\"https:\\\/\\\/colleendwyermeloche.com\\\/#website\"},\"primaryImageOfPage\":{\"@id\":\"https:\\\/\\\/colleendwyermeloche.com\\\/fr\\\/produit\\\/circle-bowl-on-stilts\\\/#primaryimage\"},\"image\":{\"@id\":\"https:\\\/\\\/colleendwyermeloche.com\\\/fr\\\/produit\\\/circle-bowl-on-stilts\\\/#primaryimage\"},\"thumbnailUrl\":\"https:\\\/\\\/colleendwyermeloche.com\\\/wp-content\\\/uploads\\\/2022\\\/01\\\/40B994F0-437D-404A-8A5C-64DE8563F416.jpeg\",\"datePublished\":\"2022-01-28T19:39:46+00:00\",\"dateModified\":\"2022-05-02T19:36:59+00:00\",\"breadcrumb\":{\"@id\":\"https:\\\/\\\/colleendwyermeloche.com\\\/fr\\\/produit\\\/circle-bowl-on-stilts\\\/#breadcrumb\"},\"inLanguage\":\"fr-FR\",\"potentialAction\":[{\"@type\":\"ReadAction\",\"target\":[\"https:\\\/\\\/colleendwyermeloche.com\\\/fr\\\/produit\\\/circle-bowl-on-stilts\\\/\"]}]},{\"@type\":\"ImageObject\",\"inLanguage\":\"fr-FR\",\"@id\":\"https:\\\/\\\/colleendwyermeloche.com\\\/fr\\\/produit\\\/circle-bowl-on-stilts\\\/#primaryimage\",\"url\":\"https:\\\/\\\/colleendwyermeloche.com\\\/wp-content\\\/uploads\\\/2022\\\/01\\\/40B994F0-437D-404A-8A5C-64DE8563F416.jpeg\",\"contentUrl\":\"https:\\\/\\\/colleendwyermeloche.com\\\/wp-content\\\/uploads\\\/2022\\\/01\\\/40B994F0-437D-404A-8A5C-64DE8563F416.jpeg\",\"width\":1600,\"height\":2400},{\"@type\":\"BreadcrumbList\",\"@id\":\"https:\\\/\\\/colleendwyermeloche.com\\\/fr\\\/produit\\\/circle-bowl-on-stilts\\\/#breadcrumb\",\"itemListElement\":[{\"@type\":\"ListItem\",\"position\":1,\"name\":\"Home\",\"item\":\"https:\\\/\\\/colleendwyermeloche.com\\\/fr\\\/\"},{\"@type\":\"ListItem\",\"position\":2,\"name\":\"Oeuvres fonctionnelles\",\"item\":\"https:\\\/\\\/colleendwyermeloche.com\\\/fr\\\/oeuvres-functionelles\\\/\"},{\"@type\":\"ListItem\",\"position\":3,\"name\":\"Circle Bol sur Tr\u00e9pied\"}]},{\"@type\":\"WebSite\",\"@id\":\"https:\\\/\\\/colleendwyermeloche.com\\\/#website\",\"url\":\"https:\\\/\\\/colleendwyermeloche.com\\\/\",\"name\":\"Colleen Dwyer Meloche\",\"description\":\"Art Site\",\"potentialAction\":[{\"@type\":\"SearchAction\",\"target\":{\"@type\":\"EntryPoint\",\"urlTemplate\":\"https:\\\/\\\/colleendwyermeloche.com\\\/?s={search_term_string}\"},\"query-input\":{\"@type\":\"PropertyValueSpecification\",\"valueRequired\":true,\"valueName\":\"search_term_string\"}}],\"inLanguage\":\"fr-FR\"}]}<\/script>\n<!-- \/ Yoast SEO plugin. -->","yoast_head_json":{"title":"Circle Bol sur Tr\u00e9pied - Colleen Dwyer Meloche","robots":{"index":"index","follow":"follow","max-snippet":"max-snippet:-1","max-image-preview":"max-image-preview:large","max-video-preview":"max-video-preview:-1"},"canonical":"https:\/\/colleendwyermeloche.com\/fr\/produit\/circle-bowl-on-stilts\/","og_locale":"fr_FR","og_type":"article","og_title":"Circle Bol sur Tr\u00e9pied - Colleen Dwyer Meloche","og_description":"Bol de la taille d&rsquo;une main perch\u00e9 sur trois pieds en forme de c\u00f4ne Cette s\u00e9rie joue avec le th\u00e8me des cercles et une grande palette de couleurs. Des \u00e9l\u00e9ments ludiques sont incorpor\u00e9s dans la fonctionnalit\u00e9 de chaque pi\u00e8ce. Chaque pi\u00e8ce est d\u00e9cor\u00e9e de pochoirs et de sous-gla\u00e7ures color\u00e9es et puis cuite une deuxi\u00e8me fois [&hellip;]","og_url":"https:\/\/colleendwyermeloche.com\/fr\/produit\/circle-bowl-on-stilts\/","og_site_name":"Colleen Dwyer Meloche","article_modified_time":"2022-05-02T19:36:59+00:00","og_image":[{"width":1600,"height":2400,"url":"https:\/\/colleendwyermeloche.com\/wp-content\/uploads\/2022\/01\/40B994F0-437D-404A-8A5C-64DE8563F416.jpeg","type":"image\/jpeg"}],"twitter_card":"summary_large_image","twitter_misc":{"Dur\u00e9e de lecture estim\u00e9e":"1 minute"},"schema":{"@context":"https:\/\/schema.org","@graph":[{"@type":"WebPage","@id":"https:\/\/colleendwyermeloche.com\/fr\/produit\/circle-bowl-on-stilts\/","url":"https:\/\/colleendwyermeloche.com\/fr\/produit\/circle-bowl-on-stilts\/","name":"Circle Bol sur Tr\u00e9pied - Colleen Dwyer Meloche","isPartOf":{"@id":"https:\/\/colleendwyermeloche.com\/#website"},"primaryImageOfPage":{"@id":"https:\/\/colleendwyermeloche.com\/fr\/produit\/circle-bowl-on-stilts\/#primaryimage"},"image":{"@id":"https:\/\/colleendwyermeloche.com\/fr\/produit\/circle-bowl-on-stilts\/#primaryimage"},"thumbnailUrl":"https:\/\/colleendwyermeloche.com\/wp-content\/uploads\/2022\/01\/40B994F0-437D-404A-8A5C-64DE8563F416.jpeg","datePublished":"2022-01-28T19:39:46+00:00","dateModified":"2022-05-02T19:36:59+00:00","breadcrumb":{"@id":"https:\/\/colleendwyermeloche.com\/fr\/produit\/circle-bowl-on-stilts\/#breadcrumb"},"inLanguage":"fr-FR","potentialAction":[{"@type":"ReadAction","target":["https:\/\/colleendwyermeloche.com\/fr\/produit\/circle-bowl-on-stilts\/"]}]},{"@type":"ImageObject","inLanguage":"fr-FR","@id":"https:\/\/colleendwyermeloche.com\/fr\/produit\/circle-bowl-on-stilts\/#primaryimage","url":"https:\/\/colleendwyermeloche.com\/wp-content\/uploads\/2022\/01\/40B994F0-437D-404A-8A5C-64DE8563F416.jpeg","contentUrl":"https:\/\/colleendwyermeloche.com\/wp-content\/uploads\/2022\/01\/40B994F0-437D-404A-8A5C-64DE8563F416.jpeg","width":1600,"height":2400},{"@type":"BreadcrumbList","@id":"https:\/\/colleendwyermeloche.com\/fr\/produit\/circle-bowl-on-stilts\/#breadcrumb","itemListElement":[{"@type":"ListItem","position":1,"name":"Home","item":"https:\/\/colleendwyermeloche.com\/fr\/"},{"@type":"ListItem","position":2,"name":"Oeuvres fonctionnelles","item":"https:\/\/colleendwyermeloche.com\/fr\/oeuvres-functionelles\/"},{"@type":"ListItem","position":3,"name":"Circle Bol sur Tr\u00e9pied"}]},{"@type":"WebSite","@id":"https:\/\/colleendwyermeloche.com\/#website","url":"https:\/\/colleendwyermeloche.com\/","name":"Colleen Dwyer Meloche","description":"Art Site","potentialAction":[{"@type":"SearchAction","target":{"@type":"EntryPoint","urlTemplate":"https:\/\/colleendwyermeloche.com\/?s={search_term_string}"},"query-input":{"@type":"PropertyValueSpecification","valueRequired":true,"valueName":"search_term_string"}}],"inLanguage":"fr-FR"}]}},"_links":{"self":[{"href":"https:\/\/colleendwyermeloche.com\/fr\/wp-json\/wp\/v2\/product\/651","targetHints":{"allow":["GET"]}}],"collection":[{"href":"https:\/\/colleendwyermeloche.com\/fr\/wp-json\/wp\/v2\/product"}],"about":[{"href":"https:\/\/colleendwyermeloche.com\/fr\/wp-json\/wp\/v2\/types\/product"}],"wp:featuredmedia":[{"embeddable":true,"href":"https:\/\/colleendwyermeloche.com\/fr\/wp-json\/wp\/v2\/media\/562"}],"wp:attachment":[{"href":"https:\/\/colleendwyermeloche.com\/fr\/wp-json\/wp\/v2\/media?parent=651"}],"wp:term":[{"taxonomy":"product_brand","embeddable":true,"href":"https:\/\/colleendwyermeloche.com\/fr\/wp-json\/wp\/v2\/product_brand?post=651"},{"taxonomy":"product_cat","embeddable":true,"href":"https:\/\/colleendwyermeloche.com\/fr\/wp-json\/wp\/v2\/product_cat?post=651"},{"taxonomy":"product_tag","embeddable":true,"href":"https:\/\/colleendwyermeloche.com\/fr\/wp-json\/wp\/v2\/product_tag?post=651"}],"curies":[{"name":"wp","href":"https:\/\/api.w.org\/{rel}","templated":true}]}}