{"id":649,"date":"2022-02-04T18:35:52","date_gmt":"2022-02-04T18:35:52","guid":{"rendered":"https:\/\/colleendwyermeloche.com\/product\/granite-dinner-plate\/"},"modified":"2025-10-08T06:17:17","modified_gmt":"2025-10-08T06:17:17","slug":"granite-dinner-plate","status":"publish","type":"product","link":"https:\/\/colleendwyermeloche.com\/fr\/produit\/granite-dinner-plate\/","title":{"rendered":"Granite Assiette Repas"},"content":{"rendered":"<p>12&Prime; assiette repas<\/p>\n<p>Cette s\u00e9rie se compose principalement de pi\u00e8ces de service tout en soulignant l&rsquo;art de ralentir avec deux sortes de tasses de th\u00e9. Toutes les pi\u00e8ces sont tourn\u00e9es sur le tour de poterie ou fa\u00e7onn\u00e9es \u00e0 la main. L&rsquo;esth\u00e9tique de l&rsquo;argile granite est mise en valeur par une simple gla\u00e7ure transparente. Le traitement de surface est constitu\u00e9 de pochoirs en papier et de sous-gla\u00e7ures. \u00c9maill\u00e9e et cuite \u00e0 2200\u00b0F\/1200\u00b0C, cette argile se pr\u00eate \u00e0 une utilisation quotidienne et est mieux entretenue par un lavage \u00e0 la main. Ne pas mettre au micro-onde!<\/p>\n<p>&nbsp;<\/p>\n","protected":false},"excerpt":{"rendered":"<p>12&Prime; assiette repas Cette s\u00e9rie se compose principalement de pi\u00e8ces de service tout en soulignant l&rsquo;art de ralentir avec deux sortes de tasses de th\u00e9. Toutes les pi\u00e8ces sont tourn\u00e9es sur le tour de poterie ou fa\u00e7onn\u00e9es \u00e0 la main. L&rsquo;esth\u00e9tique de l&rsquo;argile granite est mise en valeur par une simple gla\u00e7ure transparente. Le traitement [&hellip;]<\/p>\n","protected":false},"featured_media":534,"template":"","meta":{"_acf_changed":false},"product_brand":[],"product_cat":[74,41],"product_tag":[],"class_list":{"0":"post-649","1":"product","2":"type-product","3":"status-publish","4":"has-post-thumbnail","6":"product_cat-granite-series-2-fr","7":"product_cat-functional-works-fr","8":"product_shipping_class-ceramic-medium-shipping-ca-fr","10":"first","11":"instock","12":"purchasable","13":"product-type-simple"},"acf":[],"yoast_head":"<!-- This site is optimized with the Yoast SEO plugin v27.4 - https:\/\/yoast.com\/product\/yoast-seo-wordpress\/ -->\n<title>Granite Assiette Repas - Colleen Dwyer Meloche<\/title>\n<meta name=\"robots\" content=\"index, follow, max-snippet:-1, max-image-preview:large, max-video-preview:-1\" \/>\n<link rel=\"canonical\" href=\"https:\/\/colleendwyermeloche.com\/fr\/produit\/granite-dinner-plate\/\" \/>\n<meta property=\"og:locale\" content=\"fr_FR\" \/>\n<meta property=\"og:type\" content=\"article\" \/>\n<meta property=\"og:title\" content=\"Granite Assiette Repas - Colleen Dwyer Meloche\" \/>\n<meta property=\"og:description\" content=\"12&Prime; assiette repas Cette s\u00e9rie se compose principalement de pi\u00e8ces de service tout en soulignant l&rsquo;art de ralentir avec deux sortes de tasses de th\u00e9. Toutes les pi\u00e8ces sont tourn\u00e9es sur le tour de poterie ou fa\u00e7onn\u00e9es \u00e0 la main. L&rsquo;esth\u00e9tique de l&rsquo;argile granite est mise en valeur par une simple gla\u00e7ure transparente. Le traitement [&hellip;]\" \/>\n<meta property=\"og:url\" content=\"https:\/\/colleendwyermeloche.com\/fr\/produit\/granite-dinner-plate\/\" \/>\n<meta property=\"og:site_name\" content=\"Colleen Dwyer Meloche\" \/>\n<meta property=\"article:modified_time\" content=\"2025-10-08T06:17:17+00:00\" \/>\n<meta property=\"og:image\" content=\"https:\/\/colleendwyermeloche.com\/wp-content\/uploads\/2022\/01\/7243EEC5-9D0F-4D4F-A26B-EB03C2983CB1.jpeg\" \/>\n\t<meta property=\"og:image:width\" content=\"2048\" \/>\n\t<meta property=\"og:image:height\" content=\"1363\" \/>\n\t<meta property=\"og:image:type\" content=\"image\/jpeg\" \/>\n<meta name=\"twitter:card\" content=\"summary_large_image\" \/>\n<meta name=\"twitter:label1\" content=\"Dur\u00e9e de lecture estim\u00e9e\" \/>\n\t<meta name=\"twitter:data1\" content=\"1 minute\" \/>\n<script type=\"application\/ld+json\" class=\"yoast-schema-graph\">{\"@context\":\"https:\\\/\\\/schema.org\",\"@graph\":[{\"@type\":\"WebPage\",\"@id\":\"https:\\\/\\\/colleendwyermeloche.com\\\/fr\\\/produit\\\/granite-dinner-plate\\\/\",\"url\":\"https:\\\/\\\/colleendwyermeloche.com\\\/fr\\\/produit\\\/granite-dinner-plate\\\/\",\"name\":\"Granite Assiette Repas - Colleen Dwyer Meloche\",\"isPartOf\":{\"@id\":\"https:\\\/\\\/colleendwyermeloche.com\\\/#website\"},\"primaryImageOfPage\":{\"@id\":\"https:\\\/\\\/colleendwyermeloche.com\\\/fr\\\/produit\\\/granite-dinner-plate\\\/#primaryimage\"},\"image\":{\"@id\":\"https:\\\/\\\/colleendwyermeloche.com\\\/fr\\\/produit\\\/granite-dinner-plate\\\/#primaryimage\"},\"thumbnailUrl\":\"https:\\\/\\\/colleendwyermeloche.com\\\/wp-content\\\/uploads\\\/2022\\\/01\\\/7243EEC5-9D0F-4D4F-A26B-EB03C2983CB1.jpeg\",\"datePublished\":\"2022-02-04T18:35:52+00:00\",\"dateModified\":\"2025-10-08T06:17:17+00:00\",\"breadcrumb\":{\"@id\":\"https:\\\/\\\/colleendwyermeloche.com\\\/fr\\\/produit\\\/granite-dinner-plate\\\/#breadcrumb\"},\"inLanguage\":\"fr-FR\",\"potentialAction\":[{\"@type\":\"ReadAction\",\"target\":[\"https:\\\/\\\/colleendwyermeloche.com\\\/fr\\\/produit\\\/granite-dinner-plate\\\/\"]}]},{\"@type\":\"ImageObject\",\"inLanguage\":\"fr-FR\",\"@id\":\"https:\\\/\\\/colleendwyermeloche.com\\\/fr\\\/produit\\\/granite-dinner-plate\\\/#primaryimage\",\"url\":\"https:\\\/\\\/colleendwyermeloche.com\\\/wp-content\\\/uploads\\\/2022\\\/01\\\/7243EEC5-9D0F-4D4F-A26B-EB03C2983CB1.jpeg\",\"contentUrl\":\"https:\\\/\\\/colleendwyermeloche.com\\\/wp-content\\\/uploads\\\/2022\\\/01\\\/7243EEC5-9D0F-4D4F-A26B-EB03C2983CB1.jpeg\",\"width\":2048,\"height\":1363},{\"@type\":\"BreadcrumbList\",\"@id\":\"https:\\\/\\\/colleendwyermeloche.com\\\/fr\\\/produit\\\/granite-dinner-plate\\\/#breadcrumb\",\"itemListElement\":[{\"@type\":\"ListItem\",\"position\":1,\"name\":\"Home\",\"item\":\"https:\\\/\\\/colleendwyermeloche.com\\\/fr\\\/\"},{\"@type\":\"ListItem\",\"position\":2,\"name\":\"Oeuvres fonctionnelles\",\"item\":\"https:\\\/\\\/colleendwyermeloche.com\\\/fr\\\/oeuvres-functionelles\\\/\"},{\"@type\":\"ListItem\",\"position\":3,\"name\":\"Granite Assiette Repas\"}]},{\"@type\":\"WebSite\",\"@id\":\"https:\\\/\\\/colleendwyermeloche.com\\\/#website\",\"url\":\"https:\\\/\\\/colleendwyermeloche.com\\\/\",\"name\":\"Colleen Dwyer Meloche\",\"description\":\"Art Site\",\"potentialAction\":[{\"@type\":\"SearchAction\",\"target\":{\"@type\":\"EntryPoint\",\"urlTemplate\":\"https:\\\/\\\/colleendwyermeloche.com\\\/?s={search_term_string}\"},\"query-input\":{\"@type\":\"PropertyValueSpecification\",\"valueRequired\":true,\"valueName\":\"search_term_string\"}}],\"inLanguage\":\"fr-FR\"}]}<\/script>\n<!-- \/ Yoast SEO plugin. -->","yoast_head_json":{"title":"Granite Assiette Repas - Colleen Dwyer Meloche","robots":{"index":"index","follow":"follow","max-snippet":"max-snippet:-1","max-image-preview":"max-image-preview:large","max-video-preview":"max-video-preview:-1"},"canonical":"https:\/\/colleendwyermeloche.com\/fr\/produit\/granite-dinner-plate\/","og_locale":"fr_FR","og_type":"article","og_title":"Granite Assiette Repas - Colleen Dwyer Meloche","og_description":"12&Prime; assiette repas Cette s\u00e9rie se compose principalement de pi\u00e8ces de service tout en soulignant l&rsquo;art de ralentir avec deux sortes de tasses de th\u00e9. Toutes les pi\u00e8ces sont tourn\u00e9es sur le tour de poterie ou fa\u00e7onn\u00e9es \u00e0 la main. L&rsquo;esth\u00e9tique de l&rsquo;argile granite est mise en valeur par une simple gla\u00e7ure transparente. Le traitement [&hellip;]","og_url":"https:\/\/colleendwyermeloche.com\/fr\/produit\/granite-dinner-plate\/","og_site_name":"Colleen Dwyer Meloche","article_modified_time":"2025-10-08T06:17:17+00:00","og_image":[{"width":2048,"height":1363,"url":"https:\/\/colleendwyermeloche.com\/wp-content\/uploads\/2022\/01\/7243EEC5-9D0F-4D4F-A26B-EB03C2983CB1.jpeg","type":"image\/jpeg"}],"twitter_card":"summary_large_image","twitter_misc":{"Dur\u00e9e de lecture estim\u00e9e":"1 minute"},"schema":{"@context":"https:\/\/schema.org","@graph":[{"@type":"WebPage","@id":"https:\/\/colleendwyermeloche.com\/fr\/produit\/granite-dinner-plate\/","url":"https:\/\/colleendwyermeloche.com\/fr\/produit\/granite-dinner-plate\/","name":"Granite Assiette Repas - Colleen Dwyer Meloche","isPartOf":{"@id":"https:\/\/colleendwyermeloche.com\/#website"},"primaryImageOfPage":{"@id":"https:\/\/colleendwyermeloche.com\/fr\/produit\/granite-dinner-plate\/#primaryimage"},"image":{"@id":"https:\/\/colleendwyermeloche.com\/fr\/produit\/granite-dinner-plate\/#primaryimage"},"thumbnailUrl":"https:\/\/colleendwyermeloche.com\/wp-content\/uploads\/2022\/01\/7243EEC5-9D0F-4D4F-A26B-EB03C2983CB1.jpeg","datePublished":"2022-02-04T18:35:52+00:00","dateModified":"2025-10-08T06:17:17+00:00","breadcrumb":{"@id":"https:\/\/colleendwyermeloche.com\/fr\/produit\/granite-dinner-plate\/#breadcrumb"},"inLanguage":"fr-FR","potentialAction":[{"@type":"ReadAction","target":["https:\/\/colleendwyermeloche.com\/fr\/produit\/granite-dinner-plate\/"]}]},{"@type":"ImageObject","inLanguage":"fr-FR","@id":"https:\/\/colleendwyermeloche.com\/fr\/produit\/granite-dinner-plate\/#primaryimage","url":"https:\/\/colleendwyermeloche.com\/wp-content\/uploads\/2022\/01\/7243EEC5-9D0F-4D4F-A26B-EB03C2983CB1.jpeg","contentUrl":"https:\/\/colleendwyermeloche.com\/wp-content\/uploads\/2022\/01\/7243EEC5-9D0F-4D4F-A26B-EB03C2983CB1.jpeg","width":2048,"height":1363},{"@type":"BreadcrumbList","@id":"https:\/\/colleendwyermeloche.com\/fr\/produit\/granite-dinner-plate\/#breadcrumb","itemListElement":[{"@type":"ListItem","position":1,"name":"Home","item":"https:\/\/colleendwyermeloche.com\/fr\/"},{"@type":"ListItem","position":2,"name":"Oeuvres fonctionnelles","item":"https:\/\/colleendwyermeloche.com\/fr\/oeuvres-functionelles\/"},{"@type":"ListItem","position":3,"name":"Granite Assiette Repas"}]},{"@type":"WebSite","@id":"https:\/\/colleendwyermeloche.com\/#website","url":"https:\/\/colleendwyermeloche.com\/","name":"Colleen Dwyer Meloche","description":"Art Site","potentialAction":[{"@type":"SearchAction","target":{"@type":"EntryPoint","urlTemplate":"https:\/\/colleendwyermeloche.com\/?s={search_term_string}"},"query-input":{"@type":"PropertyValueSpecification","valueRequired":true,"valueName":"search_term_string"}}],"inLanguage":"fr-FR"}]}},"_links":{"self":[{"href":"https:\/\/colleendwyermeloche.com\/fr\/wp-json\/wp\/v2\/product\/649","targetHints":{"allow":["GET"]}}],"collection":[{"href":"https:\/\/colleendwyermeloche.com\/fr\/wp-json\/wp\/v2\/product"}],"about":[{"href":"https:\/\/colleendwyermeloche.com\/fr\/wp-json\/wp\/v2\/types\/product"}],"wp:featuredmedia":[{"embeddable":true,"href":"https:\/\/colleendwyermeloche.com\/fr\/wp-json\/wp\/v2\/media\/534"}],"wp:attachment":[{"href":"https:\/\/colleendwyermeloche.com\/fr\/wp-json\/wp\/v2\/media?parent=649"}],"wp:term":[{"taxonomy":"product_brand","embeddable":true,"href":"https:\/\/colleendwyermeloche.com\/fr\/wp-json\/wp\/v2\/product_brand?post=649"},{"taxonomy":"product_cat","embeddable":true,"href":"https:\/\/colleendwyermeloche.com\/fr\/wp-json\/wp\/v2\/product_cat?post=649"},{"taxonomy":"product_tag","embeddable":true,"href":"https:\/\/colleendwyermeloche.com\/fr\/wp-json\/wp\/v2\/product_tag?post=649"}],"curies":[{"name":"wp","href":"https:\/\/api.w.org\/{rel}","templated":true}]}}