{"id":639,"date":"2022-02-04T19:30:22","date_gmt":"2022-02-04T19:30:22","guid":{"rendered":"https:\/\/colleendwyermeloche.com\/product\/dot-salad-bowl\/"},"modified":"2022-04-14T13:23:28","modified_gmt":"2022-04-14T13:23:28","slug":"dot-salad-bowl","status":"publish","type":"product","link":"https:\/\/colleendwyermeloche.com\/fr\/produit\/dot-salad-bowl\/","title":{"rendered":"Dot Bol \u00e0 Salade"},"content":{"rendered":"<p>Grand bol pour servir de la salade ou des p\u00e2tes \u00e0 votre famille ou \u00e0 vos invit\u00e9s<\/p>\n<p>Cette s\u00e9rie de porcelaine est d\u00e9di\u00e9e \u00e0 l&rsquo;art de recevoir. Plusieurs tailles d&rsquo;assiettes et plateaux diff\u00e9rentes pour le partage et la d\u00e9gustation. Les pi\u00e8ces sont d\u00e9cor\u00e9es avec des pochoirs en papier et des sous-gla\u00e7ures et puis tremp\u00e9 dans un gla\u00e7age transparent et recuites \u00e0 2200\u00b0F\/1200\u00b0C. Cette argile se pr\u00eate \u00e0 une utilisation quotidienne et elle est mieux entretenue par un lavage \u00e0 la main, bien qu&rsquo;elle passe au micro-ondes et au lave-vaisselle.<\/p>\n","protected":false},"excerpt":{"rendered":"<p>Grand bol pour servir de la salade ou des p\u00e2tes \u00e0 votre famille ou \u00e0 vos invit\u00e9s Cette s\u00e9rie de porcelaine est d\u00e9di\u00e9e \u00e0 l&rsquo;art de recevoir. Plusieurs tailles d&rsquo;assiettes et plateaux diff\u00e9rentes pour le partage et la d\u00e9gustation. Les pi\u00e8ces sont d\u00e9cor\u00e9es avec des pochoirs en papier et des sous-gla\u00e7ures et puis tremp\u00e9 dans [&hellip;]<\/p>\n","protected":false},"featured_media":578,"template":"","meta":{"_acf_changed":false},"product_brand":[],"product_cat":[70,41],"product_tag":[],"class_list":{"0":"post-639","1":"product","2":"type-product","3":"status-publish","4":"has-post-thumbnail","6":"product_cat-dot-series-fr","7":"product_cat-functional-works-fr","8":"product_shipping_class-ceramic-large-shipping-ca-fr","10":"first","11":"instock","12":"purchasable","13":"product-type-simple"},"acf":[],"yoast_head":"<!-- This site is optimized with the Yoast SEO plugin v27.4 - https:\/\/yoast.com\/product\/yoast-seo-wordpress\/ -->\n<title>Dot Bol \u00e0 Salade - Colleen Dwyer Meloche<\/title>\n<meta name=\"robots\" content=\"index, follow, max-snippet:-1, max-image-preview:large, max-video-preview:-1\" \/>\n<link rel=\"canonical\" href=\"https:\/\/colleendwyermeloche.com\/fr\/produit\/dot-salad-bowl\/\" \/>\n<meta property=\"og:locale\" content=\"fr_FR\" \/>\n<meta property=\"og:type\" content=\"article\" \/>\n<meta property=\"og:title\" content=\"Dot Bol \u00e0 Salade - Colleen Dwyer Meloche\" \/>\n<meta property=\"og:description\" content=\"Grand bol pour servir de la salade ou des p\u00e2tes \u00e0 votre famille ou \u00e0 vos invit\u00e9s Cette s\u00e9rie de porcelaine est d\u00e9di\u00e9e \u00e0 l&rsquo;art de recevoir. Plusieurs tailles d&rsquo;assiettes et plateaux diff\u00e9rentes pour le partage et la d\u00e9gustation. Les pi\u00e8ces sont d\u00e9cor\u00e9es avec des pochoirs en papier et des sous-gla\u00e7ures et puis tremp\u00e9 dans [&hellip;]\" \/>\n<meta property=\"og:url\" content=\"https:\/\/colleendwyermeloche.com\/fr\/produit\/dot-salad-bowl\/\" \/>\n<meta property=\"og:site_name\" content=\"Colleen Dwyer Meloche\" \/>\n<meta property=\"article:modified_time\" content=\"2022-04-14T13:23:28+00:00\" \/>\n<meta property=\"og:image\" content=\"https:\/\/colleendwyermeloche.com\/wp-content\/uploads\/2022\/01\/CdM-Salad-Bowl.jpg\" \/>\n\t<meta property=\"og:image:width\" content=\"2000\" \/>\n\t<meta property=\"og:image:height\" content=\"1335\" \/>\n\t<meta property=\"og:image:type\" content=\"image\/jpeg\" \/>\n<meta name=\"twitter:card\" content=\"summary_large_image\" \/>\n<script type=\"application\/ld+json\" class=\"yoast-schema-graph\">{\"@context\":\"https:\\\/\\\/schema.org\",\"@graph\":[{\"@type\":\"WebPage\",\"@id\":\"https:\\\/\\\/colleendwyermeloche.com\\\/fr\\\/produit\\\/dot-salad-bowl\\\/\",\"url\":\"https:\\\/\\\/colleendwyermeloche.com\\\/fr\\\/produit\\\/dot-salad-bowl\\\/\",\"name\":\"Dot Bol \u00e0 Salade - Colleen Dwyer Meloche\",\"isPartOf\":{\"@id\":\"https:\\\/\\\/colleendwyermeloche.com\\\/#website\"},\"primaryImageOfPage\":{\"@id\":\"https:\\\/\\\/colleendwyermeloche.com\\\/fr\\\/produit\\\/dot-salad-bowl\\\/#primaryimage\"},\"image\":{\"@id\":\"https:\\\/\\\/colleendwyermeloche.com\\\/fr\\\/produit\\\/dot-salad-bowl\\\/#primaryimage\"},\"thumbnailUrl\":\"https:\\\/\\\/colleendwyermeloche.com\\\/wp-content\\\/uploads\\\/2022\\\/01\\\/CdM-Salad-Bowl.jpg\",\"datePublished\":\"2022-02-04T19:30:22+00:00\",\"dateModified\":\"2022-04-14T13:23:28+00:00\",\"breadcrumb\":{\"@id\":\"https:\\\/\\\/colleendwyermeloche.com\\\/fr\\\/produit\\\/dot-salad-bowl\\\/#breadcrumb\"},\"inLanguage\":\"fr-FR\",\"potentialAction\":[{\"@type\":\"ReadAction\",\"target\":[\"https:\\\/\\\/colleendwyermeloche.com\\\/fr\\\/produit\\\/dot-salad-bowl\\\/\"]}]},{\"@type\":\"ImageObject\",\"inLanguage\":\"fr-FR\",\"@id\":\"https:\\\/\\\/colleendwyermeloche.com\\\/fr\\\/produit\\\/dot-salad-bowl\\\/#primaryimage\",\"url\":\"https:\\\/\\\/colleendwyermeloche.com\\\/wp-content\\\/uploads\\\/2022\\\/01\\\/CdM-Salad-Bowl.jpg\",\"contentUrl\":\"https:\\\/\\\/colleendwyermeloche.com\\\/wp-content\\\/uploads\\\/2022\\\/01\\\/CdM-Salad-Bowl.jpg\",\"width\":2000,\"height\":1335},{\"@type\":\"BreadcrumbList\",\"@id\":\"https:\\\/\\\/colleendwyermeloche.com\\\/fr\\\/produit\\\/dot-salad-bowl\\\/#breadcrumb\",\"itemListElement\":[{\"@type\":\"ListItem\",\"position\":1,\"name\":\"Home\",\"item\":\"https:\\\/\\\/colleendwyermeloche.com\\\/fr\\\/\"},{\"@type\":\"ListItem\",\"position\":2,\"name\":\"Oeuvres fonctionnelles\",\"item\":\"https:\\\/\\\/colleendwyermeloche.com\\\/fr\\\/oeuvres-functionelles\\\/\"},{\"@type\":\"ListItem\",\"position\":3,\"name\":\"Dot Bol \u00e0 Salade\"}]},{\"@type\":\"WebSite\",\"@id\":\"https:\\\/\\\/colleendwyermeloche.com\\\/#website\",\"url\":\"https:\\\/\\\/colleendwyermeloche.com\\\/\",\"name\":\"Colleen Dwyer Meloche\",\"description\":\"Art Site\",\"potentialAction\":[{\"@type\":\"SearchAction\",\"target\":{\"@type\":\"EntryPoint\",\"urlTemplate\":\"https:\\\/\\\/colleendwyermeloche.com\\\/?s={search_term_string}\"},\"query-input\":{\"@type\":\"PropertyValueSpecification\",\"valueRequired\":true,\"valueName\":\"search_term_string\"}}],\"inLanguage\":\"fr-FR\"}]}<\/script>\n<!-- \/ Yoast SEO plugin. -->","yoast_head_json":{"title":"Dot Bol \u00e0 Salade - Colleen Dwyer Meloche","robots":{"index":"index","follow":"follow","max-snippet":"max-snippet:-1","max-image-preview":"max-image-preview:large","max-video-preview":"max-video-preview:-1"},"canonical":"https:\/\/colleendwyermeloche.com\/fr\/produit\/dot-salad-bowl\/","og_locale":"fr_FR","og_type":"article","og_title":"Dot Bol \u00e0 Salade - Colleen Dwyer Meloche","og_description":"Grand bol pour servir de la salade ou des p\u00e2tes \u00e0 votre famille ou \u00e0 vos invit\u00e9s Cette s\u00e9rie de porcelaine est d\u00e9di\u00e9e \u00e0 l&rsquo;art de recevoir. Plusieurs tailles d&rsquo;assiettes et plateaux diff\u00e9rentes pour le partage et la d\u00e9gustation. Les pi\u00e8ces sont d\u00e9cor\u00e9es avec des pochoirs en papier et des sous-gla\u00e7ures et puis tremp\u00e9 dans [&hellip;]","og_url":"https:\/\/colleendwyermeloche.com\/fr\/produit\/dot-salad-bowl\/","og_site_name":"Colleen Dwyer Meloche","article_modified_time":"2022-04-14T13:23:28+00:00","og_image":[{"width":2000,"height":1335,"url":"https:\/\/colleendwyermeloche.com\/wp-content\/uploads\/2022\/01\/CdM-Salad-Bowl.jpg","type":"image\/jpeg"}],"twitter_card":"summary_large_image","schema":{"@context":"https:\/\/schema.org","@graph":[{"@type":"WebPage","@id":"https:\/\/colleendwyermeloche.com\/fr\/produit\/dot-salad-bowl\/","url":"https:\/\/colleendwyermeloche.com\/fr\/produit\/dot-salad-bowl\/","name":"Dot Bol \u00e0 Salade - Colleen Dwyer Meloche","isPartOf":{"@id":"https:\/\/colleendwyermeloche.com\/#website"},"primaryImageOfPage":{"@id":"https:\/\/colleendwyermeloche.com\/fr\/produit\/dot-salad-bowl\/#primaryimage"},"image":{"@id":"https:\/\/colleendwyermeloche.com\/fr\/produit\/dot-salad-bowl\/#primaryimage"},"thumbnailUrl":"https:\/\/colleendwyermeloche.com\/wp-content\/uploads\/2022\/01\/CdM-Salad-Bowl.jpg","datePublished":"2022-02-04T19:30:22+00:00","dateModified":"2022-04-14T13:23:28+00:00","breadcrumb":{"@id":"https:\/\/colleendwyermeloche.com\/fr\/produit\/dot-salad-bowl\/#breadcrumb"},"inLanguage":"fr-FR","potentialAction":[{"@type":"ReadAction","target":["https:\/\/colleendwyermeloche.com\/fr\/produit\/dot-salad-bowl\/"]}]},{"@type":"ImageObject","inLanguage":"fr-FR","@id":"https:\/\/colleendwyermeloche.com\/fr\/produit\/dot-salad-bowl\/#primaryimage","url":"https:\/\/colleendwyermeloche.com\/wp-content\/uploads\/2022\/01\/CdM-Salad-Bowl.jpg","contentUrl":"https:\/\/colleendwyermeloche.com\/wp-content\/uploads\/2022\/01\/CdM-Salad-Bowl.jpg","width":2000,"height":1335},{"@type":"BreadcrumbList","@id":"https:\/\/colleendwyermeloche.com\/fr\/produit\/dot-salad-bowl\/#breadcrumb","itemListElement":[{"@type":"ListItem","position":1,"name":"Home","item":"https:\/\/colleendwyermeloche.com\/fr\/"},{"@type":"ListItem","position":2,"name":"Oeuvres fonctionnelles","item":"https:\/\/colleendwyermeloche.com\/fr\/oeuvres-functionelles\/"},{"@type":"ListItem","position":3,"name":"Dot Bol \u00e0 Salade"}]},{"@type":"WebSite","@id":"https:\/\/colleendwyermeloche.com\/#website","url":"https:\/\/colleendwyermeloche.com\/","name":"Colleen Dwyer Meloche","description":"Art Site","potentialAction":[{"@type":"SearchAction","target":{"@type":"EntryPoint","urlTemplate":"https:\/\/colleendwyermeloche.com\/?s={search_term_string}"},"query-input":{"@type":"PropertyValueSpecification","valueRequired":true,"valueName":"search_term_string"}}],"inLanguage":"fr-FR"}]}},"_links":{"self":[{"href":"https:\/\/colleendwyermeloche.com\/fr\/wp-json\/wp\/v2\/product\/639","targetHints":{"allow":["GET"]}}],"collection":[{"href":"https:\/\/colleendwyermeloche.com\/fr\/wp-json\/wp\/v2\/product"}],"about":[{"href":"https:\/\/colleendwyermeloche.com\/fr\/wp-json\/wp\/v2\/types\/product"}],"wp:featuredmedia":[{"embeddable":true,"href":"https:\/\/colleendwyermeloche.com\/fr\/wp-json\/wp\/v2\/media\/578"}],"wp:attachment":[{"href":"https:\/\/colleendwyermeloche.com\/fr\/wp-json\/wp\/v2\/media?parent=639"}],"wp:term":[{"taxonomy":"product_brand","embeddable":true,"href":"https:\/\/colleendwyermeloche.com\/fr\/wp-json\/wp\/v2\/product_brand?post=639"},{"taxonomy":"product_cat","embeddable":true,"href":"https:\/\/colleendwyermeloche.com\/fr\/wp-json\/wp\/v2\/product_cat?post=639"},{"taxonomy":"product_tag","embeddable":true,"href":"https:\/\/colleendwyermeloche.com\/fr\/wp-json\/wp\/v2\/product_tag?post=639"}],"curies":[{"name":"wp","href":"https:\/\/api.w.org\/{rel}","templated":true}]}}