{"id":638,"date":"2022-02-25T20:38:49","date_gmt":"2022-02-25T20:38:49","guid":{"rendered":"https:\/\/colleendwyermeloche.com\/product\/circle-coffee-mug-cafe-au-lait\/"},"modified":"2025-10-07T20:33:35","modified_gmt":"2025-10-07T20:33:35","slug":"circle-coffee-mug-cafe-au-lait","status":"publish","type":"product","link":"https:\/\/colleendwyermeloche.com\/fr\/produit\/circle-coffee-mug-cafe-au-lait\/","title":{"rendered":"Circle Caf\u00e9 au Lait"},"content":{"rendered":"<p>Cette s\u00e9rie joue avec le th\u00e8me des cercles et une grande palette de couleurs. Des \u00e9l\u00e9ments ludiques sont incorpor\u00e9s dans la fonctionnalit\u00e9 de chaque pi\u00e8ce. Chaque pi\u00e8ce est d\u00e9cor\u00e9e de pochoirs et de sous-gla\u00e7ures color\u00e9es et puis cuite une deuxi\u00e8me fois avec une gla\u00e7ure transparente. Chaque pi\u00e8ce varie l\u00e9g\u00e8rement en couleur et en design&#8230; il n&rsquo;y a pas deux pi\u00e8ces identiques. Les pi\u00e8ces vont au micro-ondes et au lave-vaisselle, par contre pour la long\u00e9vit\u00e9, je recommande le lavage \u00e0 la main.<\/p>\n","protected":false},"excerpt":{"rendered":"<p>Cette s\u00e9rie joue avec le th\u00e8me des cercles et une grande palette de couleurs. Des \u00e9l\u00e9ments ludiques sont incorpor\u00e9s dans la fonctionnalit\u00e9 de chaque pi\u00e8ce. Chaque pi\u00e8ce est d\u00e9cor\u00e9e de pochoirs et de sous-gla\u00e7ures color\u00e9es et puis cuite une deuxi\u00e8me fois avec une gla\u00e7ure transparente. Chaque pi\u00e8ce varie l\u00e9g\u00e8rement en couleur et en design&#8230; il [&hellip;]<\/p>\n","protected":false},"featured_media":551,"template":"","meta":{"_acf_changed":false},"product_brand":[],"product_cat":[40,41],"product_tag":[],"class_list":{"0":"post-638","1":"product","2":"type-product","3":"status-publish","4":"has-post-thumbnail","6":"product_cat-circle-series-fr","7":"product_cat-functional-works-fr","8":"product_shipping_class-ceramic-small-shipping-ca-fr","10":"first","11":"onbackorder","12":"purchasable","13":"product-type-simple"},"acf":[],"yoast_head":"<!-- This site is optimized with the Yoast SEO plugin v27.4 - https:\/\/yoast.com\/product\/yoast-seo-wordpress\/ -->\n<title>Circle Caf\u00e9 au Lait - Colleen Dwyer Meloche<\/title>\n<meta name=\"robots\" content=\"index, follow, max-snippet:-1, max-image-preview:large, max-video-preview:-1\" \/>\n<link rel=\"canonical\" href=\"https:\/\/colleendwyermeloche.com\/fr\/produit\/circle-coffee-mug-cafe-au-lait\/\" \/>\n<meta property=\"og:locale\" content=\"fr_FR\" \/>\n<meta property=\"og:type\" content=\"article\" \/>\n<meta property=\"og:title\" content=\"Circle Caf\u00e9 au Lait - Colleen Dwyer Meloche\" \/>\n<meta property=\"og:description\" content=\"Cette s\u00e9rie joue avec le th\u00e8me des cercles et une grande palette de couleurs. Des \u00e9l\u00e9ments ludiques sont incorpor\u00e9s dans la fonctionnalit\u00e9 de chaque pi\u00e8ce. Chaque pi\u00e8ce est d\u00e9cor\u00e9e de pochoirs et de sous-gla\u00e7ures color\u00e9es et puis cuite une deuxi\u00e8me fois avec une gla\u00e7ure transparente. Chaque pi\u00e8ce varie l\u00e9g\u00e8rement en couleur et en design&#8230; il [&hellip;]\" \/>\n<meta property=\"og:url\" content=\"https:\/\/colleendwyermeloche.com\/fr\/produit\/circle-coffee-mug-cafe-au-lait\/\" \/>\n<meta property=\"og:site_name\" content=\"Colleen Dwyer Meloche\" \/>\n<meta property=\"article:modified_time\" content=\"2025-10-07T20:33:35+00:00\" \/>\n<meta property=\"og:image\" content=\"https:\/\/colleendwyermeloche.com\/wp-content\/uploads\/2022\/01\/ColleenDwyerMeloche-cups-from-top.jpg\" \/>\n\t<meta property=\"og:image:width\" content=\"2400\" \/>\n\t<meta property=\"og:image:height\" content=\"1600\" \/>\n\t<meta property=\"og:image:type\" content=\"image\/jpeg\" \/>\n<meta name=\"twitter:card\" content=\"summary_large_image\" \/>\n<script type=\"application\/ld+json\" class=\"yoast-schema-graph\">{\"@context\":\"https:\\\/\\\/schema.org\",\"@graph\":[{\"@type\":\"WebPage\",\"@id\":\"https:\\\/\\\/colleendwyermeloche.com\\\/fr\\\/produit\\\/circle-coffee-mug-cafe-au-lait\\\/\",\"url\":\"https:\\\/\\\/colleendwyermeloche.com\\\/fr\\\/produit\\\/circle-coffee-mug-cafe-au-lait\\\/\",\"name\":\"Circle Caf\u00e9 au Lait - Colleen Dwyer Meloche\",\"isPartOf\":{\"@id\":\"https:\\\/\\\/colleendwyermeloche.com\\\/#website\"},\"primaryImageOfPage\":{\"@id\":\"https:\\\/\\\/colleendwyermeloche.com\\\/fr\\\/produit\\\/circle-coffee-mug-cafe-au-lait\\\/#primaryimage\"},\"image\":{\"@id\":\"https:\\\/\\\/colleendwyermeloche.com\\\/fr\\\/produit\\\/circle-coffee-mug-cafe-au-lait\\\/#primaryimage\"},\"thumbnailUrl\":\"https:\\\/\\\/colleendwyermeloche.com\\\/wp-content\\\/uploads\\\/2022\\\/01\\\/ColleenDwyerMeloche-cups-from-top.jpg\",\"datePublished\":\"2022-02-25T20:38:49+00:00\",\"dateModified\":\"2025-10-07T20:33:35+00:00\",\"breadcrumb\":{\"@id\":\"https:\\\/\\\/colleendwyermeloche.com\\\/fr\\\/produit\\\/circle-coffee-mug-cafe-au-lait\\\/#breadcrumb\"},\"inLanguage\":\"fr-FR\",\"potentialAction\":[{\"@type\":\"ReadAction\",\"target\":[\"https:\\\/\\\/colleendwyermeloche.com\\\/fr\\\/produit\\\/circle-coffee-mug-cafe-au-lait\\\/\"]}]},{\"@type\":\"ImageObject\",\"inLanguage\":\"fr-FR\",\"@id\":\"https:\\\/\\\/colleendwyermeloche.com\\\/fr\\\/produit\\\/circle-coffee-mug-cafe-au-lait\\\/#primaryimage\",\"url\":\"https:\\\/\\\/colleendwyermeloche.com\\\/wp-content\\\/uploads\\\/2022\\\/01\\\/ColleenDwyerMeloche-cups-from-top.jpg\",\"contentUrl\":\"https:\\\/\\\/colleendwyermeloche.com\\\/wp-content\\\/uploads\\\/2022\\\/01\\\/ColleenDwyerMeloche-cups-from-top.jpg\",\"width\":2400,\"height\":1600},{\"@type\":\"BreadcrumbList\",\"@id\":\"https:\\\/\\\/colleendwyermeloche.com\\\/fr\\\/produit\\\/circle-coffee-mug-cafe-au-lait\\\/#breadcrumb\",\"itemListElement\":[{\"@type\":\"ListItem\",\"position\":1,\"name\":\"Home\",\"item\":\"https:\\\/\\\/colleendwyermeloche.com\\\/fr\\\/\"},{\"@type\":\"ListItem\",\"position\":2,\"name\":\"Oeuvres fonctionnelles\",\"item\":\"https:\\\/\\\/colleendwyermeloche.com\\\/fr\\\/oeuvres-functionelles\\\/\"},{\"@type\":\"ListItem\",\"position\":3,\"name\":\"Circle Caf\u00e9 au Lait\"}]},{\"@type\":\"WebSite\",\"@id\":\"https:\\\/\\\/colleendwyermeloche.com\\\/#website\",\"url\":\"https:\\\/\\\/colleendwyermeloche.com\\\/\",\"name\":\"Colleen Dwyer Meloche\",\"description\":\"Art Site\",\"potentialAction\":[{\"@type\":\"SearchAction\",\"target\":{\"@type\":\"EntryPoint\",\"urlTemplate\":\"https:\\\/\\\/colleendwyermeloche.com\\\/?s={search_term_string}\"},\"query-input\":{\"@type\":\"PropertyValueSpecification\",\"valueRequired\":true,\"valueName\":\"search_term_string\"}}],\"inLanguage\":\"fr-FR\"}]}<\/script>\n<!-- \/ Yoast SEO plugin. -->","yoast_head_json":{"title":"Circle Caf\u00e9 au Lait - Colleen Dwyer Meloche","robots":{"index":"index","follow":"follow","max-snippet":"max-snippet:-1","max-image-preview":"max-image-preview:large","max-video-preview":"max-video-preview:-1"},"canonical":"https:\/\/colleendwyermeloche.com\/fr\/produit\/circle-coffee-mug-cafe-au-lait\/","og_locale":"fr_FR","og_type":"article","og_title":"Circle Caf\u00e9 au Lait - Colleen Dwyer Meloche","og_description":"Cette s\u00e9rie joue avec le th\u00e8me des cercles et une grande palette de couleurs. Des \u00e9l\u00e9ments ludiques sont incorpor\u00e9s dans la fonctionnalit\u00e9 de chaque pi\u00e8ce. Chaque pi\u00e8ce est d\u00e9cor\u00e9e de pochoirs et de sous-gla\u00e7ures color\u00e9es et puis cuite une deuxi\u00e8me fois avec une gla\u00e7ure transparente. Chaque pi\u00e8ce varie l\u00e9g\u00e8rement en couleur et en design&#8230; il [&hellip;]","og_url":"https:\/\/colleendwyermeloche.com\/fr\/produit\/circle-coffee-mug-cafe-au-lait\/","og_site_name":"Colleen Dwyer Meloche","article_modified_time":"2025-10-07T20:33:35+00:00","og_image":[{"width":2400,"height":1600,"url":"https:\/\/colleendwyermeloche.com\/wp-content\/uploads\/2022\/01\/ColleenDwyerMeloche-cups-from-top.jpg","type":"image\/jpeg"}],"twitter_card":"summary_large_image","schema":{"@context":"https:\/\/schema.org","@graph":[{"@type":"WebPage","@id":"https:\/\/colleendwyermeloche.com\/fr\/produit\/circle-coffee-mug-cafe-au-lait\/","url":"https:\/\/colleendwyermeloche.com\/fr\/produit\/circle-coffee-mug-cafe-au-lait\/","name":"Circle Caf\u00e9 au Lait - Colleen Dwyer Meloche","isPartOf":{"@id":"https:\/\/colleendwyermeloche.com\/#website"},"primaryImageOfPage":{"@id":"https:\/\/colleendwyermeloche.com\/fr\/produit\/circle-coffee-mug-cafe-au-lait\/#primaryimage"},"image":{"@id":"https:\/\/colleendwyermeloche.com\/fr\/produit\/circle-coffee-mug-cafe-au-lait\/#primaryimage"},"thumbnailUrl":"https:\/\/colleendwyermeloche.com\/wp-content\/uploads\/2022\/01\/ColleenDwyerMeloche-cups-from-top.jpg","datePublished":"2022-02-25T20:38:49+00:00","dateModified":"2025-10-07T20:33:35+00:00","breadcrumb":{"@id":"https:\/\/colleendwyermeloche.com\/fr\/produit\/circle-coffee-mug-cafe-au-lait\/#breadcrumb"},"inLanguage":"fr-FR","potentialAction":[{"@type":"ReadAction","target":["https:\/\/colleendwyermeloche.com\/fr\/produit\/circle-coffee-mug-cafe-au-lait\/"]}]},{"@type":"ImageObject","inLanguage":"fr-FR","@id":"https:\/\/colleendwyermeloche.com\/fr\/produit\/circle-coffee-mug-cafe-au-lait\/#primaryimage","url":"https:\/\/colleendwyermeloche.com\/wp-content\/uploads\/2022\/01\/ColleenDwyerMeloche-cups-from-top.jpg","contentUrl":"https:\/\/colleendwyermeloche.com\/wp-content\/uploads\/2022\/01\/ColleenDwyerMeloche-cups-from-top.jpg","width":2400,"height":1600},{"@type":"BreadcrumbList","@id":"https:\/\/colleendwyermeloche.com\/fr\/produit\/circle-coffee-mug-cafe-au-lait\/#breadcrumb","itemListElement":[{"@type":"ListItem","position":1,"name":"Home","item":"https:\/\/colleendwyermeloche.com\/fr\/"},{"@type":"ListItem","position":2,"name":"Oeuvres fonctionnelles","item":"https:\/\/colleendwyermeloche.com\/fr\/oeuvres-functionelles\/"},{"@type":"ListItem","position":3,"name":"Circle Caf\u00e9 au Lait"}]},{"@type":"WebSite","@id":"https:\/\/colleendwyermeloche.com\/#website","url":"https:\/\/colleendwyermeloche.com\/","name":"Colleen Dwyer Meloche","description":"Art Site","potentialAction":[{"@type":"SearchAction","target":{"@type":"EntryPoint","urlTemplate":"https:\/\/colleendwyermeloche.com\/?s={search_term_string}"},"query-input":{"@type":"PropertyValueSpecification","valueRequired":true,"valueName":"search_term_string"}}],"inLanguage":"fr-FR"}]}},"_links":{"self":[{"href":"https:\/\/colleendwyermeloche.com\/fr\/wp-json\/wp\/v2\/product\/638","targetHints":{"allow":["GET"]}}],"collection":[{"href":"https:\/\/colleendwyermeloche.com\/fr\/wp-json\/wp\/v2\/product"}],"about":[{"href":"https:\/\/colleendwyermeloche.com\/fr\/wp-json\/wp\/v2\/types\/product"}],"wp:featuredmedia":[{"embeddable":true,"href":"https:\/\/colleendwyermeloche.com\/fr\/wp-json\/wp\/v2\/media\/551"}],"wp:attachment":[{"href":"https:\/\/colleendwyermeloche.com\/fr\/wp-json\/wp\/v2\/media?parent=638"}],"wp:term":[{"taxonomy":"product_brand","embeddable":true,"href":"https:\/\/colleendwyermeloche.com\/fr\/wp-json\/wp\/v2\/product_brand?post=638"},{"taxonomy":"product_cat","embeddable":true,"href":"https:\/\/colleendwyermeloche.com\/fr\/wp-json\/wp\/v2\/product_cat?post=638"},{"taxonomy":"product_tag","embeddable":true,"href":"https:\/\/colleendwyermeloche.com\/fr\/wp-json\/wp\/v2\/product_tag?post=638"}],"curies":[{"name":"wp","href":"https:\/\/api.w.org\/{rel}","templated":true}]}}