{"id":592,"date":"2022-01-24T14:51:52","date_gmt":"2022-01-24T14:51:52","guid":{"rendered":"https:\/\/colleendwyermeloche.com\/contact\/"},"modified":"2022-08-31T15:38:18","modified_gmt":"2022-08-31T15:38:18","slug":"contact","status":"publish","type":"page","link":"https:\/\/colleendwyermeloche.com\/fr\/contact\/","title":{"rendered":"Contact"},"content":{"rendered":"<p>Contactez-moi en utilisant la m\u00e9thode de votre choix pour obtenir les informations sur les ateliers, les opportunit\u00e9s d&rsquo;exposition, les demandes de vente ou toute autre question ou commentaire. J&rsquo;ai h\u00e2te d&rsquo;avoir de vos nouvelles.<\/p>\n<pre id=\"tw-target-text\" class=\"tw-data-text tw-text-large tw-ta\" dir=\"ltr\" data-placeholder=\"Translation\"><\/pre>\n","protected":false},"excerpt":{"rendered":"<p>Contactez-moi en utilisant la m\u00e9thode de votre choix pour obtenir les informations sur les ateliers, les opportunit\u00e9s d&rsquo;exposition, les demandes de vente ou toute autre question ou commentaire. J&rsquo;ai h\u00e2te d&rsquo;avoir de vos nouvelles.<\/p>\n","protected":false},"author":1,"featured_media":1317,"parent":0,"menu_order":0,"comment_status":"closed","ping_status":"closed","template":"","meta":{"_acf_changed":false,"footnotes":""},"class_list":["post-592","page","type-page","status-publish","has-post-thumbnail","hentry"],"acf":[],"yoast_head":"<!-- This site is optimized with the Yoast SEO plugin v27.4 - https:\/\/yoast.com\/product\/yoast-seo-wordpress\/ -->\n<title>Contact - Colleen Dwyer Meloche ceramic artist<\/title>\n<meta name=\"robots\" content=\"index, follow, max-snippet:-1, max-image-preview:large, max-video-preview:-1\" \/>\n<link rel=\"canonical\" href=\"https:\/\/colleendwyermeloche.com\/fr\/contact\/\" \/>\n<meta property=\"og:locale\" content=\"fr_FR\" \/>\n<meta property=\"og:type\" content=\"article\" \/>\n<meta property=\"og:title\" content=\"Contact - Colleen Dwyer Meloche ceramic artist\" \/>\n<meta property=\"og:description\" content=\"Contactez-moi en utilisant la m\u00e9thode de votre choix pour obtenir les informations sur les ateliers, les opportunit\u00e9s d&rsquo;exposition, les demandes de vente ou toute autre question ou commentaire. J&rsquo;ai h\u00e2te d&rsquo;avoir de vos nouvelles.\" \/>\n<meta property=\"og:url\" content=\"https:\/\/colleendwyermeloche.com\/fr\/contact\/\" \/>\n<meta property=\"og:site_name\" content=\"Colleen Dwyer Meloche\" \/>\n<meta property=\"article:modified_time\" content=\"2022-08-31T15:38:18+00:00\" \/>\n<meta property=\"og:image\" content=\"https:\/\/colleendwyermeloche.com\/wp-content\/uploads\/2022\/05\/ColleenDwyerMeloche-portrait2022.jpg\" \/>\n\t<meta property=\"og:image:width\" content=\"500\" \/>\n\t<meta property=\"og:image:height\" content=\"500\" \/>\n\t<meta property=\"og:image:type\" content=\"image\/jpeg\" \/>\n<meta name=\"twitter:card\" content=\"summary_large_image\" \/>\n<meta name=\"twitter:label1\" content=\"Dur\u00e9e de lecture estim\u00e9e\" \/>\n\t<meta name=\"twitter:data1\" content=\"1 minute\" \/>\n<script type=\"application\/ld+json\" class=\"yoast-schema-graph\">{\"@context\":\"https:\\\/\\\/schema.org\",\"@graph\":[{\"@type\":\"WebPage\",\"@id\":\"https:\\\/\\\/colleendwyermeloche.com\\\/fr\\\/contact\\\/\",\"url\":\"https:\\\/\\\/colleendwyermeloche.com\\\/fr\\\/contact\\\/\",\"name\":\"Contact - Colleen Dwyer Meloche ceramic artist\",\"isPartOf\":{\"@id\":\"https:\\\/\\\/colleendwyermeloche.com\\\/#website\"},\"primaryImageOfPage\":{\"@id\":\"https:\\\/\\\/colleendwyermeloche.com\\\/fr\\\/contact\\\/#primaryimage\"},\"image\":{\"@id\":\"https:\\\/\\\/colleendwyermeloche.com\\\/fr\\\/contact\\\/#primaryimage\"},\"thumbnailUrl\":\"https:\\\/\\\/colleendwyermeloche.com\\\/wp-content\\\/uploads\\\/2022\\\/05\\\/ColleenDwyerMeloche-portrait2022.jpg\",\"datePublished\":\"2022-01-24T14:51:52+00:00\",\"dateModified\":\"2022-08-31T15:38:18+00:00\",\"breadcrumb\":{\"@id\":\"https:\\\/\\\/colleendwyermeloche.com\\\/fr\\\/contact\\\/#breadcrumb\"},\"inLanguage\":\"fr-FR\",\"potentialAction\":[{\"@type\":\"ReadAction\",\"target\":[\"https:\\\/\\\/colleendwyermeloche.com\\\/fr\\\/contact\\\/\"]}]},{\"@type\":\"ImageObject\",\"inLanguage\":\"fr-FR\",\"@id\":\"https:\\\/\\\/colleendwyermeloche.com\\\/fr\\\/contact\\\/#primaryimage\",\"url\":\"https:\\\/\\\/colleendwyermeloche.com\\\/wp-content\\\/uploads\\\/2022\\\/05\\\/ColleenDwyerMeloche-portrait2022.jpg\",\"contentUrl\":\"https:\\\/\\\/colleendwyermeloche.com\\\/wp-content\\\/uploads\\\/2022\\\/05\\\/ColleenDwyerMeloche-portrait2022.jpg\",\"width\":500,\"height\":500},{\"@type\":\"BreadcrumbList\",\"@id\":\"https:\\\/\\\/colleendwyermeloche.com\\\/fr\\\/contact\\\/#breadcrumb\",\"itemListElement\":[{\"@type\":\"ListItem\",\"position\":1,\"name\":\"Home\",\"item\":\"https:\\\/\\\/colleendwyermeloche.com\\\/fr\\\/\"},{\"@type\":\"ListItem\",\"position\":2,\"name\":\"Contact\"}]},{\"@type\":\"WebSite\",\"@id\":\"https:\\\/\\\/colleendwyermeloche.com\\\/#website\",\"url\":\"https:\\\/\\\/colleendwyermeloche.com\\\/\",\"name\":\"Colleen Dwyer Meloche\",\"description\":\"Art Site\",\"potentialAction\":[{\"@type\":\"SearchAction\",\"target\":{\"@type\":\"EntryPoint\",\"urlTemplate\":\"https:\\\/\\\/colleendwyermeloche.com\\\/?s={search_term_string}\"},\"query-input\":{\"@type\":\"PropertyValueSpecification\",\"valueRequired\":true,\"valueName\":\"search_term_string\"}}],\"inLanguage\":\"fr-FR\"}]}<\/script>\n<!-- \/ Yoast SEO plugin. -->","yoast_head_json":{"title":"Contact - Colleen Dwyer Meloche ceramic artist","robots":{"index":"index","follow":"follow","max-snippet":"max-snippet:-1","max-image-preview":"max-image-preview:large","max-video-preview":"max-video-preview:-1"},"canonical":"https:\/\/colleendwyermeloche.com\/fr\/contact\/","og_locale":"fr_FR","og_type":"article","og_title":"Contact - Colleen Dwyer Meloche ceramic artist","og_description":"Contactez-moi en utilisant la m\u00e9thode de votre choix pour obtenir les informations sur les ateliers, les opportunit\u00e9s d&rsquo;exposition, les demandes de vente ou toute autre question ou commentaire. J&rsquo;ai h\u00e2te d&rsquo;avoir de vos nouvelles.","og_url":"https:\/\/colleendwyermeloche.com\/fr\/contact\/","og_site_name":"Colleen Dwyer Meloche","article_modified_time":"2022-08-31T15:38:18+00:00","og_image":[{"width":500,"height":500,"url":"https:\/\/colleendwyermeloche.com\/wp-content\/uploads\/2022\/05\/ColleenDwyerMeloche-portrait2022.jpg","type":"image\/jpeg"}],"twitter_card":"summary_large_image","twitter_misc":{"Dur\u00e9e de lecture estim\u00e9e":"1 minute"},"schema":{"@context":"https:\/\/schema.org","@graph":[{"@type":"WebPage","@id":"https:\/\/colleendwyermeloche.com\/fr\/contact\/","url":"https:\/\/colleendwyermeloche.com\/fr\/contact\/","name":"Contact - Colleen Dwyer Meloche ceramic artist","isPartOf":{"@id":"https:\/\/colleendwyermeloche.com\/#website"},"primaryImageOfPage":{"@id":"https:\/\/colleendwyermeloche.com\/fr\/contact\/#primaryimage"},"image":{"@id":"https:\/\/colleendwyermeloche.com\/fr\/contact\/#primaryimage"},"thumbnailUrl":"https:\/\/colleendwyermeloche.com\/wp-content\/uploads\/2022\/05\/ColleenDwyerMeloche-portrait2022.jpg","datePublished":"2022-01-24T14:51:52+00:00","dateModified":"2022-08-31T15:38:18+00:00","breadcrumb":{"@id":"https:\/\/colleendwyermeloche.com\/fr\/contact\/#breadcrumb"},"inLanguage":"fr-FR","potentialAction":[{"@type":"ReadAction","target":["https:\/\/colleendwyermeloche.com\/fr\/contact\/"]}]},{"@type":"ImageObject","inLanguage":"fr-FR","@id":"https:\/\/colleendwyermeloche.com\/fr\/contact\/#primaryimage","url":"https:\/\/colleendwyermeloche.com\/wp-content\/uploads\/2022\/05\/ColleenDwyerMeloche-portrait2022.jpg","contentUrl":"https:\/\/colleendwyermeloche.com\/wp-content\/uploads\/2022\/05\/ColleenDwyerMeloche-portrait2022.jpg","width":500,"height":500},{"@type":"BreadcrumbList","@id":"https:\/\/colleendwyermeloche.com\/fr\/contact\/#breadcrumb","itemListElement":[{"@type":"ListItem","position":1,"name":"Home","item":"https:\/\/colleendwyermeloche.com\/fr\/"},{"@type":"ListItem","position":2,"name":"Contact"}]},{"@type":"WebSite","@id":"https:\/\/colleendwyermeloche.com\/#website","url":"https:\/\/colleendwyermeloche.com\/","name":"Colleen Dwyer Meloche","description":"Art Site","potentialAction":[{"@type":"SearchAction","target":{"@type":"EntryPoint","urlTemplate":"https:\/\/colleendwyermeloche.com\/?s={search_term_string}"},"query-input":{"@type":"PropertyValueSpecification","valueRequired":true,"valueName":"search_term_string"}}],"inLanguage":"fr-FR"}]}},"_links":{"self":[{"href":"https:\/\/colleendwyermeloche.com\/fr\/wp-json\/wp\/v2\/pages\/592","targetHints":{"allow":["GET"]}}],"collection":[{"href":"https:\/\/colleendwyermeloche.com\/fr\/wp-json\/wp\/v2\/pages"}],"about":[{"href":"https:\/\/colleendwyermeloche.com\/fr\/wp-json\/wp\/v2\/types\/page"}],"author":[{"embeddable":true,"href":"https:\/\/colleendwyermeloche.com\/fr\/wp-json\/wp\/v2\/users\/1"}],"replies":[{"embeddable":true,"href":"https:\/\/colleendwyermeloche.com\/fr\/wp-json\/wp\/v2\/comments?post=592"}],"version-history":[{"count":5,"href":"https:\/\/colleendwyermeloche.com\/fr\/wp-json\/wp\/v2\/pages\/592\/revisions"}],"predecessor-version":[{"id":1660,"href":"https:\/\/colleendwyermeloche.com\/fr\/wp-json\/wp\/v2\/pages\/592\/revisions\/1660"}],"wp:featuredmedia":[{"embeddable":true,"href":"https:\/\/colleendwyermeloche.com\/fr\/wp-json\/wp\/v2\/media\/1317"}],"wp:attachment":[{"href":"https:\/\/colleendwyermeloche.com\/fr\/wp-json\/wp\/v2\/media?parent=592"}],"curies":[{"name":"wp","href":"https:\/\/api.w.org\/{rel}","templated":true}]}}